{"id":823,"date":"2022-11-11T16:39:20","date_gmt":"2022-11-11T19:39:20","guid":{"rendered":"https:\/\/zlbrasil.com\/site\/?page_id=823"},"modified":"2023-12-11T14:38:01","modified_gmt":"2023-12-11T17:38:01","slug":"exportar-contacto","status":"publish","type":"page","link":"https:\/\/zlbrasil.com\/es\/exportar-contacto\/","title":{"rendered":"Exportar contacto"},"content":{"rendered":"\t\t<div data-elementor-type=\"wp-page\" data-elementor-id=\"823\" class=\"elementor elementor-823\">\n\t\t\t\t\t\t<section class=\"elementor-section elementor-top-section elementor-element elementor-element-9ce7c68 elementor-section-height-min-height elementor-section-boxed elementor-section-height-default elementor-section-items-middle\" data-id=\"9ce7c68\" data-element_type=\"section\" data-settings=\"{&quot;background_background&quot;:&quot;classic&quot;}\">\n\t\t\t\t\t\t<div class=\"elementor-container elementor-column-gap-default\">\n\t\t\t\t\t<div class=\"elementor-column elementor-col-100 elementor-top-column elementor-element elementor-element-a2520f7\" data-id=\"a2520f7\" data-element_type=\"column\">\n\t\t\t<div class=\"elementor-widget-wrap\">\n\t\t\t\t\t\t\t<\/div>\n\t\t<\/div>\n\t\t\t\t\t<\/div>\n\t\t<\/section>\n\t\t\t\t<section class=\"elementor-section elementor-top-section elementor-element elementor-element-2e621a2 elementor-section-boxed elementor-section-height-default elementor-section-height-default\" data-id=\"2e621a2\" data-element_type=\"section\">\n\t\t\t\t\t\t<div class=\"elementor-container elementor-column-gap-default\">\n\t\t\t\t\t<div class=\"elementor-column elementor-col-25 elementor-top-column elementor-element elementor-element-3f3fe870\" data-id=\"3f3fe870\" data-element_type=\"column\">\n\t\t\t<div class=\"elementor-widget-wrap elementor-element-populated\">\n\t\t\t\t\t\t<div class=\"elementor-element elementor-element-f552ff6 elementor-align-center elementor-widget elementor-widget-button\" data-id=\"f552ff6\" data-element_type=\"widget\" data-widget_type=\"button.default\">\n\t\t\t\t<div class=\"elementor-widget-container\">\n\t\t\t\t\t\t\t\t\t<div class=\"elementor-button-wrapper\">\n\t\t\t\t\t<a class=\"elementor-button elementor-button-link elementor-size-xl\" href=\"https:\/\/zlbrasil.com\/es\/contactar-con-sac\/\">\n\t\t\t\t\t\t<span class=\"elementor-button-content-wrapper\">\n\t\t\t\t\t\t<span class=\"elementor-button-icon\">\n\t\t\t\t<i aria-hidden=\"true\" class=\"fas fa-headset\"><\/i>\t\t\t<\/span>\n\t\t\t\t\t\t\t\t\t<span class=\"elementor-button-text\">SAC<\/span>\n\t\t\t\t\t<\/span>\n\t\t\t\t\t<\/a>\n\t\t\t\t<\/div>\n\t\t\t\t\t\t\t\t<\/div>\n\t\t\t\t<\/div>\n\t\t\t\t\t<\/div>\n\t\t<\/div>\n\t\t\t\t<div class=\"elementor-column elementor-col-25 elementor-top-column elementor-element elementor-element-1d70ed60\" data-id=\"1d70ed60\" data-element_type=\"column\">\n\t\t\t<div class=\"elementor-widget-wrap elementor-element-populated\">\n\t\t\t\t\t\t<div class=\"elementor-element elementor-element-30c7d97 elementor-align-center elementor-widget elementor-widget-button\" data-id=\"30c7d97\" data-element_type=\"widget\" data-widget_type=\"button.default\">\n\t\t\t\t<div class=\"elementor-widget-container\">\n\t\t\t\t\t\t\t\t\t<div class=\"elementor-button-wrapper\">\n\t\t\t\t\t<a class=\"elementor-button elementor-button-link elementor-size-xl\" href=\"https:\/\/zlbrasil.com\/es\/contacto-compras\/\">\n\t\t\t\t\t\t<span class=\"elementor-button-content-wrapper\">\n\t\t\t\t\t\t<span class=\"elementor-button-icon\">\n\t\t\t\t<i aria-hidden=\"true\" class=\"fas fa-headset\"><\/i>\t\t\t<\/span>\n\t\t\t\t\t\t\t\t\t<span class=\"elementor-button-text\">Compras<\/span>\n\t\t\t\t\t<\/span>\n\t\t\t\t\t<\/a>\n\t\t\t\t<\/div>\n\t\t\t\t\t\t\t\t<\/div>\n\t\t\t\t<\/div>\n\t\t\t\t\t<\/div>\n\t\t<\/div>\n\t\t\t\t<div class=\"elementor-column elementor-col-25 elementor-top-column elementor-element elementor-element-696bd870\" data-id=\"696bd870\" data-element_type=\"column\">\n\t\t\t<div class=\"elementor-widget-wrap elementor-element-populated\">\n\t\t\t\t\t\t<div class=\"elementor-element elementor-element-74d8e3aa elementor-align-center elementor-widget elementor-widget-button\" data-id=\"74d8e3aa\" data-element_type=\"widget\" data-widget_type=\"button.default\">\n\t\t\t\t<div class=\"elementor-widget-container\">\n\t\t\t\t\t\t\t\t\t<div class=\"elementor-button-wrapper\">\n\t\t\t\t\t<a class=\"elementor-button elementor-button-link elementor-size-xl\" href=\"https:\/\/zlbrasil.com\/es\/contacto-ventas\/\">\n\t\t\t\t\t\t<span class=\"elementor-button-content-wrapper\">\n\t\t\t\t\t\t<span class=\"elementor-button-icon\">\n\t\t\t\t<i aria-hidden=\"true\" class=\"fas fa-headset\"><\/i>\t\t\t<\/span>\n\t\t\t\t\t\t\t\t\t<span class=\"elementor-button-text\">Ventas<\/span>\n\t\t\t\t\t<\/span>\n\t\t\t\t\t<\/a>\n\t\t\t\t<\/div>\n\t\t\t\t\t\t\t\t<\/div>\n\t\t\t\t<\/div>\n\t\t\t\t\t<\/div>\n\t\t<\/div>\n\t\t\t\t<div class=\"elementor-column elementor-col-25 elementor-top-column elementor-element elementor-element-1ae7debf\" data-id=\"1ae7debf\" data-element_type=\"column\">\n\t\t\t<div class=\"elementor-widget-wrap elementor-element-populated\">\n\t\t\t\t\t\t<div class=\"elementor-element elementor-element-233d1c5e elementor-align-center elementor-widget elementor-widget-button\" data-id=\"233d1c5e\" data-element_type=\"widget\" data-widget_type=\"button.default\">\n\t\t\t\t<div class=\"elementor-widget-container\">\n\t\t\t\t\t\t\t\t\t<div class=\"elementor-button-wrapper\">\n\t\t\t\t\t<a class=\"elementor-button elementor-button-link elementor-size-xl\" href=\"https:\/\/zlbrasil.com\/es\/exportar-contacto\/\">\n\t\t\t\t\t\t<span class=\"elementor-button-content-wrapper\">\n\t\t\t\t\t\t<span class=\"elementor-button-icon\">\n\t\t\t\t<i aria-hidden=\"true\" class=\"fas fa-headset\"><\/i>\t\t\t<\/span>\n\t\t\t\t\t\t\t\t\t<span class=\"elementor-button-text\">Exportar<\/span>\n\t\t\t\t\t<\/span>\n\t\t\t\t\t<\/a>\n\t\t\t\t<\/div>\n\t\t\t\t\t\t\t\t<\/div>\n\t\t\t\t<\/div>\n\t\t\t\t\t<\/div>\n\t\t<\/div>\n\t\t\t\t\t<\/div>\n\t\t<\/section>\n\t\t\t\t<section class=\"elementor-section elementor-top-section elementor-element elementor-element-8ac9e3a elementor-reverse-mobile elementor-section-boxed elementor-section-height-default elementor-section-height-default\" data-id=\"8ac9e3a\" data-element_type=\"section\">\n\t\t\t\t\t\t<div class=\"elementor-container elementor-column-gap-default\">\n\t\t\t\t\t<div class=\"elementor-column elementor-col-50 elementor-top-column elementor-element elementor-element-7e304338\" data-id=\"7e304338\" data-element_type=\"column\">\n\t\t\t<div class=\"elementor-widget-wrap elementor-element-populated\">\n\t\t\t\t\t\t<div class=\"elementor-element elementor-element-6322bce5 elementor-widget elementor-widget-image\" data-id=\"6322bce5\" data-element_type=\"widget\" data-widget_type=\"image.default\">\n\t\t\t\t<div class=\"elementor-widget-container\">\n\t\t\t\t\t\t\t\t\t\t\t\t\t\t\t<img decoding=\"async\" width=\"72\" height=\"73\" src=\"https:\/\/zlbrasil.com\/es\/wp-content\/uploads\/2022\/11\/icon-centro-atendimento-produtos-zl-brasil-contato.png\" class=\"attachment-large size-large wp-image-759\" alt=\"\" \/>\t\t\t\t\t\t\t\t\t\t\t\t\t\t\t<\/div>\n\t\t\t\t<\/div>\n\t\t\t\t<div class=\"elementor-element elementor-element-498afd30 elementor-widget elementor-widget-heading\" data-id=\"498afd30\" data-element_type=\"widget\" data-widget_type=\"heading.default\">\n\t\t\t\t<div class=\"elementor-widget-container\">\n\t\t\t\t\t<h2 class=\"elementor-heading-title elementor-size-default\">Central\nServicio de Brasil:<\/h2>\t\t\t\t<\/div>\n\t\t\t\t<\/div>\n\t\t\t\t<div class=\"elementor-element elementor-element-25e32ac elementor-widget elementor-widget-heading\" data-id=\"25e32ac\" data-element_type=\"widget\" data-widget_type=\"heading.default\">\n\t\t\t\t<div class=\"elementor-widget-container\">\n\t\t\t\t\t<h2 class=\"elementor-heading-title elementor-size-default\">19 3464-5000<\/h2>\t\t\t\t<\/div>\n\t\t\t\t<\/div>\n\t\t\t\t<div class=\"elementor-element elementor-element-46bdaa2c elementor-mobile-align-center elementor-icon-list--layout-traditional elementor-list-item-link-full_width elementor-widget elementor-widget-icon-list\" data-id=\"46bdaa2c\" data-element_type=\"widget\" data-widget_type=\"icon-list.default\">\n\t\t\t\t<div class=\"elementor-widget-container\">\n\t\t\t\t\t\t\t<ul class=\"elementor-icon-list-items\">\n\t\t\t\t\t\t\t<li class=\"elementor-icon-list-item\">\n\t\t\t\t\t\t\t\t\t\t\t<span class=\"elementor-icon-list-icon\">\n\t\t\t\t\t\t\t<i aria-hidden=\"true\" class=\"far fa-envelope\"><\/i>\t\t\t\t\t\t<\/span>\n\t\t\t\t\t\t\t\t\t\t<span class=\"elementor-icon-list-text\">VENTAS: comercial@zlbrasil.com <\/span>\n\t\t\t\t\t\t\t\t\t<\/li>\n\t\t\t\t\t\t\t\t<li class=\"elementor-icon-list-item\">\n\t\t\t\t\t\t\t\t\t\t\t<span class=\"elementor-icon-list-icon\">\n\t\t\t\t\t\t\t<i aria-hidden=\"true\" class=\"far fa-envelope\"><\/i>\t\t\t\t\t\t<\/span>\n\t\t\t\t\t\t\t\t\t\t<span class=\"elementor-icon-list-text\">CALIDAD: qualidade@zlbrasil.com<\/span>\n\t\t\t\t\t\t\t\t\t<\/li>\n\t\t\t\t\t\t<\/ul>\n\t\t\t\t\t\t<\/div>\n\t\t\t\t<\/div>\n\t\t\t\t\t<\/div>\n\t\t<\/div>\n\t\t\t\t<div class=\"elementor-column elementor-col-50 elementor-top-column elementor-element elementor-element-e86c180\" data-id=\"e86c180\" data-element_type=\"column\">\n\t\t\t<div class=\"elementor-widget-wrap elementor-element-populated\">\n\t\t\t\t\t\t<div class=\"elementor-element elementor-element-c2993f6 elementor-button-align-center elementor-widget elementor-widget-form\" data-id=\"c2993f6\" data-element_type=\"widget\" data-settings=\"{&quot;step_next_label&quot;:&quot;Next&quot;,&quot;step_previous_label&quot;:&quot;Previous&quot;,&quot;button_width&quot;:&quot;100&quot;,&quot;step_type&quot;:&quot;number_text&quot;,&quot;step_icon_shape&quot;:&quot;circle&quot;}\" data-widget_type=\"form.default\">\n\t\t\t\t<div class=\"elementor-widget-container\">\n\t\t\t\t\t\t\t<form class=\"elementor-form\" method=\"post\" name=\"Formul\u00e1rio de Contato - Exporta\u00e7\u00e3o\">\n\t\t\t<input type=\"hidden\" name=\"post_id\" value=\"823\"\/>\n\t\t\t<input type=\"hidden\" name=\"form_id\" value=\"c2993f6\"\/>\n\t\t\t<input type=\"hidden\" name=\"referer_title\" value=\"ZL Brasil\" \/>\n\n\t\t\t\n\t\t\t<div class=\"elementor-form-fields-wrapper elementor-labels-above\">\n\t\t\t\t\t\t\t\t<div class=\"elementor-field-type-text elementor-field-group elementor-column elementor-field-group-name elementor-col-100 elementor-field-required\">\n\t\t\t\t\t\t\t\t\t\t\t\t\t<input size=\"1\" type=\"text\" name=\"form_fields[name]\" id=\"form-field-name\" class=\"elementor-field elementor-size-sm  elementor-field-textual\" placeholder=\"Nombre:*\" required=\"required\" aria-required=\"true\">\n\t\t\t\t\t\t\t\t\t\t\t<\/div>\n\t\t\t\t\t\t\t\t<div class=\"elementor-field-type-email elementor-field-group elementor-column elementor-field-group-email elementor-col-50 elementor-field-required\">\n\t\t\t\t\t\t\t\t\t\t\t\t\t<input size=\"1\" type=\"email\" name=\"form_fields[email]\" id=\"form-field-email\" class=\"elementor-field elementor-size-sm  elementor-field-textual\" placeholder=\"Correo electr\u00f3nico:*\" required=\"required\" aria-required=\"true\">\n\t\t\t\t\t\t\t\t\t\t\t<\/div>\n\t\t\t\t\t\t\t\t<div class=\"elementor-field-type-tel elementor-field-group elementor-column elementor-field-group-telefone elementor-col-50 elementor-field-required\">\n\t\t\t\t\t\t\t<input size=\"1\" type=\"tel\" name=\"form_fields[telefone]\" id=\"form-field-telefone\" class=\"elementor-field elementor-size-sm  elementor-field-textual\" placeholder=\"Tel\u00e9fono:*\" required=\"required\" aria-required=\"true\" pattern=\"[0-9()#&amp;+*-=.]+\" title=\"Apenas n\u00fameros e caracteres de telefone (#, -, *, etc.) s\u00e3o aceitos.\">\n\n\t\t\t\t\t\t<\/div>\n\t\t\t\t\t\t\t\t<div class=\"elementor-field-type-text elementor-field-group elementor-column elementor-field-group-empresa elementor-col-50\">\n\t\t\t\t\t\t\t\t\t\t\t\t\t<input size=\"1\" type=\"text\" name=\"form_fields[empresa]\" id=\"form-field-empresa\" class=\"elementor-field elementor-size-sm  elementor-field-textual\" placeholder=\"Empresa:\">\n\t\t\t\t\t\t\t\t\t\t\t<\/div>\n\t\t\t\t\t\t\t\t<div class=\"elementor-field-type-text elementor-field-group elementor-column elementor-field-group-assunto elementor-col-50 elementor-field-required\">\n\t\t\t\t\t\t\t\t\t\t\t\t\t<input size=\"1\" type=\"text\" name=\"form_fields[assunto]\" id=\"form-field-assunto\" class=\"elementor-field elementor-size-sm  elementor-field-textual\" placeholder=\"Sujeto:*\" required=\"required\" aria-required=\"true\">\n\t\t\t\t\t\t\t\t\t\t\t<\/div>\n\t\t\t\t\t\t\t\t<div class=\"elementor-field-type-textarea elementor-field-group elementor-column elementor-field-group-mensagem elementor-col-100\">\n\t\t\t\t\t<textarea class=\"elementor-field-textual elementor-field  elementor-size-sm\" name=\"form_fields[mensagem]\" id=\"form-field-mensagem\" rows=\"4\" placeholder=\"Mensaje:\"><\/textarea>\t\t\t\t<\/div>\n\t\t\t\t\t\t\t\t<div class=\"elementor-field-group elementor-column elementor-field-type-submit elementor-col-100 e-form__buttons\">\n\t\t\t\t\t<button type=\"submit\" class=\"elementor-button elementor-size-xl\">\n\t\t\t\t\t\t<span >\n\t\t\t\t\t\t\t\t\t\t\t\t\t\t\t<span class=\"elementor-align-icon-left elementor-button-icon\">\n\t\t\t\t\t\t\t\t\t<i aria-hidden=\"true\" class=\"fas fa-paper-plane\"><\/i>\t\t\t\t\t\t\t\t\t\t\t\t\t\t\t\t\t<\/span>\n\t\t\t\t\t\t\t\t\t\t\t\t\t\t\t\t\t\t\t\t\t\t<span class=\"elementor-button-text\">Mandar<\/span>\n\t\t\t\t\t\t\t\t\t\t\t\t\t<\/span>\n\t\t\t\t\t<\/button>\n\t\t\t\t<\/div>\n\t\t\t<\/div>\n\t\t<\/form>\n\t\t\t\t\t\t<\/div>\n\t\t\t\t<\/div>\n\t\t\t\t\t<\/div>\n\t\t<\/div>\n\t\t\t\t\t<\/div>\n\t\t<\/section>\n\t\t\t\t<\/div>\n\t\t","protected":false},"excerpt":{"rendered":"<p>SAC Compras Ventas Exportar Central Servicio de Brasil: 19 3464-5000 VENTAS: comercial@zlbrasil.com CALIDAD: qualidade@zlbrasil.com<\/p>\n","protected":false},"author":1,"featured_media":0,"parent":0,"menu_order":0,"comment_status":"closed","ping_status":"closed","template":"","meta":{"inline_featured_image":false,"footnotes":""},"class_list":["post-823","page","type-page","status-publish","hentry"],"yoast_head":"<!-- This site is optimized with the Yoast SEO plugin v27.5 - https:\/\/yoast.com\/product\/yoast-seo-wordpress\/ -->\n<title>Exportar contacto - ZL Brasil<\/title>\n<meta name=\"description\" content=\"ZL Brasil - (19) 3464-5000 - (19) 3464-5030 - Ubicado en Rua dos Tapuias, 78, Santa B\u00e1rbara d&#039;Oeste-SP.\" \/>\n<meta name=\"robots\" content=\"index, follow, max-snippet:-1, max-image-preview:large, max-video-preview:-1\" \/>\n<link rel=\"canonical\" href=\"https:\/\/zlbrasil.com\/es\/exportar-contacto\/\" \/>\n<meta property=\"og:locale\" content=\"pt_BR\" \/>\n<meta property=\"og:type\" content=\"article\" \/>\n<meta property=\"og:title\" content=\"Exportar contacto - ZL Brasil\" \/>\n<meta property=\"og:description\" content=\"ZL Brasil - (19) 3464-5000 - (19) 3464-5030 - Ubicado en Rua dos Tapuias, 78, Santa B\u00e1rbara d&#039;Oeste-SP.\" \/>\n<meta property=\"og:url\" content=\"https:\/\/zlbrasil.com\/es\/exportar-contacto\/\" \/>\n<meta property=\"og:site_name\" content=\"ZL Brasil\" \/>\n<meta property=\"article:modified_time\" content=\"2023-12-11T17:38:01+00:00\" \/>\n<meta property=\"og:image\" content=\"https:\/\/zlbrasil.com\/es\/wp-content\/uploads\/2022\/11\/icon-centro-atendimento-produtos-zl-brasil-contato.png\" \/>\n<meta name=\"twitter:card\" content=\"summary_large_image\" \/>\n<meta name=\"twitter:label1\" content=\"Est. tempo de leitura\" \/>\n\t<meta name=\"twitter:data1\" content=\"1 minuto\" \/>\n<script type=\"application\/ld+json\" class=\"yoast-schema-graph\">{\"@context\":\"https:\\\/\\\/schema.org\",\"@graph\":[{\"@type\":\"WebPage\",\"@id\":\"https:\\\/\\\/zlbrasil.com\\\/es\\\/exportar-contacto\\\/\",\"url\":\"https:\\\/\\\/zlbrasil.com\\\/es\\\/exportar-contacto\\\/\",\"name\":\"Exportar contacto - ZL Brasil\",\"isPartOf\":{\"@id\":\"https:\\\/\\\/zlbrasil.com\\\/es\\\/#website\"},\"primaryImageOfPage\":{\"@id\":\"https:\\\/\\\/zlbrasil.com\\\/es\\\/exportar-contacto\\\/#primaryimage\"},\"image\":{\"@id\":\"https:\\\/\\\/zlbrasil.com\\\/es\\\/exportar-contacto\\\/#primaryimage\"},\"thumbnailUrl\":\"https:\\\/\\\/zlbrasil.com\\\/es\\\/wp-content\\\/uploads\\\/2022\\\/11\\\/icon-centro-atendimento-produtos-zl-brasil-contato.png\",\"datePublished\":\"2022-11-11T19:39:20+00:00\",\"dateModified\":\"2023-12-11T17:38:01+00:00\",\"description\":\"ZL Brasil - (19) 3464-5000 - (19) 3464-5030 - Ubicado en Rua dos Tapuias, 78, Santa B\u00e1rbara d'Oeste-SP.\",\"breadcrumb\":{\"@id\":\"https:\\\/\\\/zlbrasil.com\\\/es\\\/exportar-contacto\\\/#breadcrumb\"},\"inLanguage\":\"pt-BR\",\"potentialAction\":[{\"@type\":\"ReadAction\",\"target\":[\"https:\\\/\\\/zlbrasil.com\\\/es\\\/exportar-contacto\\\/\"]}]},{\"@type\":\"ImageObject\",\"inLanguage\":\"pt-BR\",\"@id\":\"https:\\\/\\\/zlbrasil.com\\\/es\\\/exportar-contacto\\\/#primaryimage\",\"url\":\"https:\\\/\\\/zlbrasil.com\\\/es\\\/wp-content\\\/uploads\\\/2022\\\/11\\\/icon-centro-atendimento-produtos-zl-brasil-contato.png\",\"contentUrl\":\"https:\\\/\\\/zlbrasil.com\\\/es\\\/wp-content\\\/uploads\\\/2022\\\/11\\\/icon-centro-atendimento-produtos-zl-brasil-contato.png\",\"width\":72,\"height\":73},{\"@type\":\"BreadcrumbList\",\"@id\":\"https:\\\/\\\/zlbrasil.com\\\/es\\\/exportar-contacto\\\/#breadcrumb\",\"itemListElement\":[{\"@type\":\"ListItem\",\"position\":1,\"name\":\"In\u00edcio\",\"item\":\"https:\\\/\\\/zlbrasil.com\\\/es\\\/\"},{\"@type\":\"ListItem\",\"position\":2,\"name\":\"Exportar contacto\"}]},{\"@type\":\"WebSite\",\"@id\":\"https:\\\/\\\/zlbrasil.com\\\/es\\\/#website\",\"url\":\"https:\\\/\\\/zlbrasil.com\\\/es\\\/\",\"name\":\"ZL Brasil\",\"description\":\"Barras e Terminais de Dire\u00e7\u00e3o\",\"potentialAction\":[{\"@type\":\"SearchAction\",\"target\":{\"@type\":\"EntryPoint\",\"urlTemplate\":\"https:\\\/\\\/zlbrasil.com\\\/es\\\/?s={search_term_string}\"},\"query-input\":{\"@type\":\"PropertyValueSpecification\",\"valueRequired\":true,\"valueName\":\"search_term_string\"}}],\"inLanguage\":\"pt-BR\"}]}<\/script>\n<!-- \/ Yoast SEO plugin. -->","yoast_head_json":{"title":"Exportar contacto - ZL Brasil","description":"ZL Brasil - (19) 3464-5000 - (19) 3464-5030 - Ubicado en Rua dos Tapuias, 78, Santa B\u00e1rbara d'Oeste-SP.","robots":{"index":"index","follow":"follow","max-snippet":"max-snippet:-1","max-image-preview":"max-image-preview:large","max-video-preview":"max-video-preview:-1"},"canonical":"https:\/\/zlbrasil.com\/es\/exportar-contacto\/","og_locale":"pt_BR","og_type":"article","og_title":"Exportar contacto - ZL Brasil","og_description":"ZL Brasil - (19) 3464-5000 - (19) 3464-5030 - Ubicado en Rua dos Tapuias, 78, Santa B\u00e1rbara d'Oeste-SP.","og_url":"https:\/\/zlbrasil.com\/es\/exportar-contacto\/","og_site_name":"ZL Brasil","article_modified_time":"2023-12-11T17:38:01+00:00","og_image":[{"url":"https:\/\/zlbrasil.com\/es\/wp-content\/uploads\/2022\/11\/icon-centro-atendimento-produtos-zl-brasil-contato.png","type":"","width":"","height":""}],"twitter_card":"summary_large_image","twitter_misc":{"Est. tempo de leitura":"1 minuto"},"schema":{"@context":"https:\/\/schema.org","@graph":[{"@type":"WebPage","@id":"https:\/\/zlbrasil.com\/es\/exportar-contacto\/","url":"https:\/\/zlbrasil.com\/es\/exportar-contacto\/","name":"Exportar contacto - ZL Brasil","isPartOf":{"@id":"https:\/\/zlbrasil.com\/es\/#website"},"primaryImageOfPage":{"@id":"https:\/\/zlbrasil.com\/es\/exportar-contacto\/#primaryimage"},"image":{"@id":"https:\/\/zlbrasil.com\/es\/exportar-contacto\/#primaryimage"},"thumbnailUrl":"https:\/\/zlbrasil.com\/es\/wp-content\/uploads\/2022\/11\/icon-centro-atendimento-produtos-zl-brasil-contato.png","datePublished":"2022-11-11T19:39:20+00:00","dateModified":"2023-12-11T17:38:01+00:00","description":"ZL Brasil - (19) 3464-5000 - (19) 3464-5030 - Ubicado en Rua dos Tapuias, 78, Santa B\u00e1rbara d'Oeste-SP.","breadcrumb":{"@id":"https:\/\/zlbrasil.com\/es\/exportar-contacto\/#breadcrumb"},"inLanguage":"pt-BR","potentialAction":[{"@type":"ReadAction","target":["https:\/\/zlbrasil.com\/es\/exportar-contacto\/"]}]},{"@type":"ImageObject","inLanguage":"pt-BR","@id":"https:\/\/zlbrasil.com\/es\/exportar-contacto\/#primaryimage","url":"https:\/\/zlbrasil.com\/es\/wp-content\/uploads\/2022\/11\/icon-centro-atendimento-produtos-zl-brasil-contato.png","contentUrl":"https:\/\/zlbrasil.com\/es\/wp-content\/uploads\/2022\/11\/icon-centro-atendimento-produtos-zl-brasil-contato.png","width":72,"height":73},{"@type":"BreadcrumbList","@id":"https:\/\/zlbrasil.com\/es\/exportar-contacto\/#breadcrumb","itemListElement":[{"@type":"ListItem","position":1,"name":"In\u00edcio","item":"https:\/\/zlbrasil.com\/es\/"},{"@type":"ListItem","position":2,"name":"Exportar contacto"}]},{"@type":"WebSite","@id":"https:\/\/zlbrasil.com\/es\/#website","url":"https:\/\/zlbrasil.com\/es\/","name":"ZL Brasil","description":"Barras e Terminais de Dire\u00e7\u00e3o","potentialAction":[{"@type":"SearchAction","target":{"@type":"EntryPoint","urlTemplate":"https:\/\/zlbrasil.com\/es\/?s={search_term_string}"},"query-input":{"@type":"PropertyValueSpecification","valueRequired":true,"valueName":"search_term_string"}}],"inLanguage":"pt-BR"}]}},"_links":{"self":[{"href":"https:\/\/zlbrasil.com\/es\/wp-json\/wp\/v2\/pages\/823","targetHints":{"allow":["GET"]}}],"collection":[{"href":"https:\/\/zlbrasil.com\/es\/wp-json\/wp\/v2\/pages"}],"about":[{"href":"https:\/\/zlbrasil.com\/es\/wp-json\/wp\/v2\/types\/page"}],"author":[{"embeddable":true,"href":"https:\/\/zlbrasil.com\/es\/wp-json\/wp\/v2\/users\/1"}],"replies":[{"embeddable":true,"href":"https:\/\/zlbrasil.com\/es\/wp-json\/wp\/v2\/comments?post=823"}],"version-history":[{"count":20,"href":"https:\/\/zlbrasil.com\/es\/wp-json\/wp\/v2\/pages\/823\/revisions"}],"predecessor-version":[{"id":1562,"href":"https:\/\/zlbrasil.com\/es\/wp-json\/wp\/v2\/pages\/823\/revisions\/1562"}],"wp:attachment":[{"href":"https:\/\/zlbrasil.com\/es\/wp-json\/wp\/v2\/media?parent=823"}],"curies":[{"name":"wp","href":"https:\/\/api.w.org\/{rel}","templated":true}]}}