{"id":1584,"date":"2023-12-12T15:23:14","date_gmt":"2023-12-12T18:23:14","guid":{"rendered":"https:\/\/zlbrasil.com\/es\/?page_id=1584"},"modified":"2023-12-12T15:28:32","modified_gmt":"2023-12-12T18:28:32","slug":"fundacion-fiorindo-zucollo","status":"publish","type":"page","link":"https:\/\/zlbrasil.com\/es\/fundacion-fiorindo-zucollo\/","title":{"rendered":"Fundaci\u00f3n Fiorindo Zucollo"},"content":{"rendered":"\t\t<div data-elementor-type=\"wp-page\" data-elementor-id=\"1584\" class=\"elementor elementor-1584\">\n\t\t\t\t\t\t<section class=\"elementor-section elementor-top-section elementor-element elementor-element-85333e7 elementor-section-boxed elementor-section-height-default elementor-section-height-default\" data-id=\"85333e7\" data-element_type=\"section\" data-settings=\"{&quot;background_background&quot;:&quot;classic&quot;}\">\n\t\t\t\t\t\t\t<div class=\"elementor-background-overlay\"><\/div>\n\t\t\t\t\t\t\t<div class=\"elementor-container elementor-column-gap-default\">\n\t\t\t\t\t<div class=\"elementor-column elementor-col-100 elementor-top-column elementor-element elementor-element-3c7b9a9\" data-id=\"3c7b9a9\" data-element_type=\"column\">\n\t\t\t<div class=\"elementor-widget-wrap elementor-element-populated\">\n\t\t\t\t\t\t<div class=\"elementor-element elementor-element-04fd7f3 elementor-widget elementor-widget-heading\" data-id=\"04fd7f3\" data-element_type=\"widget\" data-widget_type=\"heading.default\">\n\t\t\t\t<div class=\"elementor-widget-container\">\n\t\t\t\t\t<h1 class=\"elementor-heading-title elementor-size-default\">Fundaci\u00f3n Fiorindo Zucollo<\/h1>\t\t\t\t<\/div>\n\t\t\t\t<\/div>\n\t\t\t\t\t<\/div>\n\t\t<\/div>\n\t\t\t\t\t<\/div>\n\t\t<\/section>\n\t\t\t\t<section class=\"elementor-section elementor-top-section elementor-element elementor-element-ed3679d elementor-section-boxed elementor-section-height-default elementor-section-height-default\" data-id=\"ed3679d\" data-element_type=\"section\">\n\t\t\t\t\t\t<div class=\"elementor-container elementor-column-gap-default\">\n\t\t\t\t\t<div class=\"elementor-column elementor-col-33 elementor-top-column elementor-element elementor-element-eb4a88f\" data-id=\"eb4a88f\" data-element_type=\"column\">\n\t\t\t<div class=\"elementor-widget-wrap elementor-element-populated\">\n\t\t\t\t\t\t<div class=\"elementor-element elementor-element-1df1724 elementor-widget elementor-widget-heading\" data-id=\"1df1724\" data-element_type=\"widget\" data-widget_type=\"heading.default\">\n\t\t\t\t<div class=\"elementor-widget-container\">\n\t\t\t\t\t<h1 class=\"elementor-heading-title elementor-size-default\">Responsabilidad social<br>\nFundaci\u00f3n Fiorindo Zucollo<\/h1>\t\t\t\t<\/div>\n\t\t\t\t<\/div>\n\t\t\t\t\t<\/div>\n\t\t<\/div>\n\t\t\t\t<div class=\"elementor-column elementor-col-33 elementor-top-column elementor-element elementor-element-1aa8333\" data-id=\"1aa8333\" data-element_type=\"column\">\n\t\t\t<div class=\"elementor-widget-wrap\">\n\t\t\t\t\t\t\t<\/div>\n\t\t<\/div>\n\t\t\t\t<div class=\"elementor-column elementor-col-33 elementor-top-column elementor-element elementor-element-78fbe09\" data-id=\"78fbe09\" data-element_type=\"column\" data-settings=\"{&quot;background_background&quot;:&quot;classic&quot;}\">\n\t\t\t<div class=\"elementor-widget-wrap elementor-element-populated\">\n\t\t\t\t\t\t<div class=\"elementor-element elementor-element-942c427 elementor-widget elementor-widget-image\" data-id=\"942c427\" data-element_type=\"widget\" data-widget_type=\"image.default\">\n\t\t\t\t<div class=\"elementor-widget-container\">\n\t\t\t\t\t\t\t\t\t\t\t\t\t\t\t<img fetchpriority=\"high\" decoding=\"async\" width=\"800\" height=\"442\" src=\"https:\/\/zlbrasil.com\/es\/wp-content\/uploads\/2023\/12\/Base-Fiorindo-Zucollo.svg\" class=\"attachment-large size-large wp-image-1522\" alt=\"\" \/>\t\t\t\t\t\t\t\t\t\t\t\t\t\t\t<\/div>\n\t\t\t\t<\/div>\n\t\t\t\t\t<\/div>\n\t\t<\/div>\n\t\t\t\t\t<\/div>\n\t\t<\/section>\n\t\t\t\t<section class=\"elementor-section elementor-top-section elementor-element elementor-element-818750c elementor-section-boxed elementor-section-height-default elementor-section-height-default\" data-id=\"818750c\" data-element_type=\"section\">\n\t\t\t\t\t\t<div class=\"elementor-container elementor-column-gap-default\">\n\t\t\t\t\t<div class=\"elementor-column elementor-col-100 elementor-top-column elementor-element elementor-element-b886900\" data-id=\"b886900\" data-element_type=\"column\">\n\t\t\t<div class=\"elementor-widget-wrap elementor-element-populated\">\n\t\t\t\t\t\t<div class=\"elementor-element elementor-element-cafe9fa elementor-widget elementor-widget-heading\" data-id=\"cafe9fa\" data-element_type=\"widget\" data-widget_type=\"heading.default\">\n\t\t\t\t<div class=\"elementor-widget-container\">\n\t\t\t\t\t<h2 class=\"elementor-heading-title elementor-size-default\">Ayer un sue\u00f1o, hoy una realidad.\n<br><br>\nDesde el a\u00f1o 2000, la Fundaci\u00f3n Fiorindo Zucollo demuestra el compromiso de ZL Brasil con los proyectos sociales. Las actividades de la fundaci\u00f3n comenzaron en Santa B\u00e1rbara d'Oeste, estado de S\u00e3o Paulo, por los directores Sr. Wilson Ant\u00f4nio Zucollo, Sr. Laerte Tadeu Zucollo y Sr. Jos\u00e9 Maria Aparecido Zucollo en homenaje al fundador de la empresa, Sr. Fiorindo Zucollo.\n<br><br>\nEl lema de la entidad est\u00e1 \u00edntegramente relacionado con las labores que ofrece: salud, educaci\u00f3n y recreaci\u00f3n. Todos sus proyectos propios, ya sean de largo, mediano o corto plazo, cuentan con el apoyo total de ZL Brasil.\n<br><br>\nLa estrategia de la Fundaci\u00f3n se centra en j\u00f3venes de entre siete y quince a\u00f1os, con el fin de cubrir las necesidades de cada etapa de la vida para el pleno desarrollo de estos j\u00f3venes. Sus proyectos est\u00e1n enfocados al seguimiento escolar y a las actividades de la Escuela de F\u00fatbol con niveles de biber\u00f3n, pa\u00f1al y preescolar, que participan en campeonatos municipales y estatales con un total de 350 j\u00f3venes, monitoreados diariamente.\n<br><br>\nDurante todos estos a\u00f1os, la fundaci\u00f3n ha desarrollado numerosos proyectos en alianza con otras entidades en el \u00e1rea de prevenci\u00f3n de enfermedades transmisibles, higiene bucal, Proerd - Programa Educativo para la Resistencia a las Drogas y la Violencia, formaci\u00f3n profesional y asistencia religiosa.<\/h2>\t\t\t\t<\/div>\n\t\t\t\t<\/div>\n\t\t\t\t\t<\/div>\n\t\t<\/div>\n\t\t\t\t\t<\/div>\n\t\t<\/section>\n\t\t\t\t<section class=\"elementor-section elementor-top-section elementor-element elementor-element-387cc3b9 elementor-section-boxed elementor-section-height-default elementor-section-height-default\" data-id=\"387cc3b9\" data-element_type=\"section\" data-settings=\"{&quot;background_background&quot;:&quot;gradient&quot;}\">\n\t\t\t\t\t\t<div class=\"elementor-container elementor-column-gap-default\">\n\t\t\t\t\t<div class=\"elementor-column elementor-col-100 elementor-top-column elementor-element elementor-element-267a9f4c\" data-id=\"267a9f4c\" data-element_type=\"column\">\n\t\t\t<div class=\"elementor-widget-wrap elementor-element-populated\">\n\t\t\t\t\t\t<div class=\"elementor-element elementor-element-6350a09d elementor-arrows-position-outside elementor-widget elementor-widget-image-carousel\" data-id=\"6350a09d\" data-element_type=\"widget\" data-settings=\"{&quot;slides_to_show&quot;:&quot;3&quot;,&quot;navigation&quot;:&quot;arrows&quot;,&quot;image_spacing_custom&quot;:{&quot;unit&quot;:&quot;px&quot;,&quot;size&quot;:10,&quot;sizes&quot;:[]},&quot;autoplay&quot;:&quot;yes&quot;,&quot;pause_on_hover&quot;:&quot;yes&quot;,&quot;pause_on_interaction&quot;:&quot;yes&quot;,&quot;autoplay_speed&quot;:5000,&quot;infinite&quot;:&quot;yes&quot;,&quot;speed&quot;:500,&quot;image_spacing_custom_tablet&quot;:{&quot;unit&quot;:&quot;px&quot;,&quot;size&quot;:&quot;&quot;,&quot;sizes&quot;:[]},&quot;image_spacing_custom_mobile&quot;:{&quot;unit&quot;:&quot;px&quot;,&quot;size&quot;:&quot;&quot;,&quot;sizes&quot;:[]}}\" data-widget_type=\"image-carousel.default\">\n\t\t\t\t<div class=\"elementor-widget-container\">\n\t\t\t\t\t\t\t<div class=\"elementor-image-carousel-wrapper swiper\" role=\"region\" aria-roledescription=\"carousel\" aria-label=\"Carrossel de imagens\" dir=\"ltr\">\n\t\t\t<div class=\"elementor-image-carousel swiper-wrapper\" aria-live=\"off\">\n\t\t\t\t\t\t\t\t<div class=\"swiper-slide\" role=\"group\" aria-roledescription=\"slide\" aria-label=\"1 de 8\"><a data-elementor-open-lightbox=\"yes\" data-elementor-lightbox-slideshow=\"6350a09d\" data-elementor-lightbox-title=\"fundacao-fiorindo-zucollo01.jpg\" data-e-action-hash=\"#elementor-action%3Aaction%3Dlightbox%26settings%3DeyJpZCI6MTU5MiwidXJsIjoiaHR0cHM6XC9cL3psYnJhc2lsLmNvbVwvZXNcL3dwLWNvbnRlbnRcL3VwbG9hZHNcLzIwMjNcLzEyXC9mdW5kYWNhby1maW9yaW5kby16dWNvbGxvMDEuanBnIiwic2xpZGVzaG93IjoiNjM1MGEwOWQifQ%3D%3D\" href=\"https:\/\/zlbrasil.com\/es\/wp-content\/uploads\/2023\/12\/fundacao-fiorindo-zucollo01.jpg\"><figure class=\"swiper-slide-inner\"><img decoding=\"async\" class=\"swiper-slide-image\" src=\"https:\/\/zlbrasil.com\/es\/wp-content\/uploads\/2023\/12\/fundacao-fiorindo-zucollo01.jpg\" alt=\"fundacao-fiorindo-zucollo01.jpg\" \/><\/figure><\/a><\/div><div class=\"swiper-slide\" role=\"group\" aria-roledescription=\"slide\" aria-label=\"2 de 8\"><a data-elementor-open-lightbox=\"yes\" data-elementor-lightbox-slideshow=\"6350a09d\" data-elementor-lightbox-title=\"fundacao-fiorindo-zucollo02.jpg\" data-e-action-hash=\"#elementor-action%3Aaction%3Dlightbox%26settings%3DeyJpZCI6MTU5MywidXJsIjoiaHR0cHM6XC9cL3psYnJhc2lsLmNvbVwvZXNcL3dwLWNvbnRlbnRcL3VwbG9hZHNcLzIwMjNcLzEyXC9mdW5kYWNhby1maW9yaW5kby16dWNvbGxvMDIuanBnIiwic2xpZGVzaG93IjoiNjM1MGEwOWQifQ%3D%3D\" href=\"https:\/\/zlbrasil.com\/es\/wp-content\/uploads\/2023\/12\/fundacao-fiorindo-zucollo02.jpg\"><figure class=\"swiper-slide-inner\"><img decoding=\"async\" class=\"swiper-slide-image\" src=\"https:\/\/zlbrasil.com\/es\/wp-content\/uploads\/2023\/12\/fundacao-fiorindo-zucollo02.jpg\" alt=\"fundacao-fiorindo-zucollo02.jpg\" \/><\/figure><\/a><\/div><div class=\"swiper-slide\" role=\"group\" aria-roledescription=\"slide\" aria-label=\"3 de 8\"><a data-elementor-open-lightbox=\"yes\" data-elementor-lightbox-slideshow=\"6350a09d\" data-elementor-lightbox-title=\"fundacao-fiorindo-zucollo03.jpg\" data-e-action-hash=\"#elementor-action%3Aaction%3Dlightbox%26settings%3DeyJpZCI6MTU5NCwidXJsIjoiaHR0cHM6XC9cL3psYnJhc2lsLmNvbVwvZXNcL3dwLWNvbnRlbnRcL3VwbG9hZHNcLzIwMjNcLzEyXC9mdW5kYWNhby1maW9yaW5kby16dWNvbGxvMDMuanBnIiwic2xpZGVzaG93IjoiNjM1MGEwOWQifQ%3D%3D\" href=\"https:\/\/zlbrasil.com\/es\/wp-content\/uploads\/2023\/12\/fundacao-fiorindo-zucollo03.jpg\"><figure class=\"swiper-slide-inner\"><img decoding=\"async\" class=\"swiper-slide-image\" src=\"https:\/\/zlbrasil.com\/es\/wp-content\/uploads\/2023\/12\/fundacao-fiorindo-zucollo03.jpg\" alt=\"fundacao-fiorindo-zucollo03.jpg\" \/><\/figure><\/a><\/div><div class=\"swiper-slide\" role=\"group\" aria-roledescription=\"slide\" aria-label=\"4 de 8\"><a data-elementor-open-lightbox=\"yes\" data-elementor-lightbox-slideshow=\"6350a09d\" data-elementor-lightbox-title=\"fundacao-fiorindo-zucollo04.jpg\" data-e-action-hash=\"#elementor-action%3Aaction%3Dlightbox%26settings%3DeyJpZCI6MTU5NSwidXJsIjoiaHR0cHM6XC9cL3psYnJhc2lsLmNvbVwvZXNcL3dwLWNvbnRlbnRcL3VwbG9hZHNcLzIwMjNcLzEyXC9mdW5kYWNhby1maW9yaW5kby16dWNvbGxvMDQuanBnIiwic2xpZGVzaG93IjoiNjM1MGEwOWQifQ%3D%3D\" href=\"https:\/\/zlbrasil.com\/es\/wp-content\/uploads\/2023\/12\/fundacao-fiorindo-zucollo04.jpg\"><figure class=\"swiper-slide-inner\"><img decoding=\"async\" class=\"swiper-slide-image\" src=\"https:\/\/zlbrasil.com\/es\/wp-content\/uploads\/2023\/12\/fundacao-fiorindo-zucollo04.jpg\" alt=\"fundacao-fiorindo-zucollo04.jpg\" \/><\/figure><\/a><\/div><div class=\"swiper-slide\" role=\"group\" aria-roledescription=\"slide\" aria-label=\"5 de 8\"><a data-elementor-open-lightbox=\"yes\" data-elementor-lightbox-slideshow=\"6350a09d\" data-elementor-lightbox-title=\"fundacao-fiorindo-zucollo05.jpg\" data-e-action-hash=\"#elementor-action%3Aaction%3Dlightbox%26settings%3DeyJpZCI6MTU5NiwidXJsIjoiaHR0cHM6XC9cL3psYnJhc2lsLmNvbVwvZXNcL3dwLWNvbnRlbnRcL3VwbG9hZHNcLzIwMjNcLzEyXC9mdW5kYWNhby1maW9yaW5kby16dWNvbGxvMDUuanBnIiwic2xpZGVzaG93IjoiNjM1MGEwOWQifQ%3D%3D\" href=\"https:\/\/zlbrasil.com\/es\/wp-content\/uploads\/2023\/12\/fundacao-fiorindo-zucollo05.jpg\"><figure class=\"swiper-slide-inner\"><img decoding=\"async\" class=\"swiper-slide-image\" src=\"https:\/\/zlbrasil.com\/es\/wp-content\/uploads\/2023\/12\/fundacao-fiorindo-zucollo05.jpg\" alt=\"fundacao-fiorindo-zucollo05.jpg\" \/><\/figure><\/a><\/div><div class=\"swiper-slide\" role=\"group\" aria-roledescription=\"slide\" aria-label=\"6 de 8\"><a data-elementor-open-lightbox=\"yes\" data-elementor-lightbox-slideshow=\"6350a09d\" data-elementor-lightbox-title=\"fundacao-fiorindo-zucollo06.jpg\" data-e-action-hash=\"#elementor-action%3Aaction%3Dlightbox%26settings%3DeyJpZCI6MTU5NywidXJsIjoiaHR0cHM6XC9cL3psYnJhc2lsLmNvbVwvZXNcL3dwLWNvbnRlbnRcL3VwbG9hZHNcLzIwMjNcLzEyXC9mdW5kYWNhby1maW9yaW5kby16dWNvbGxvMDYuanBnIiwic2xpZGVzaG93IjoiNjM1MGEwOWQifQ%3D%3D\" href=\"https:\/\/zlbrasil.com\/es\/wp-content\/uploads\/2023\/12\/fundacao-fiorindo-zucollo06.jpg\"><figure class=\"swiper-slide-inner\"><img decoding=\"async\" class=\"swiper-slide-image\" src=\"https:\/\/zlbrasil.com\/es\/wp-content\/uploads\/2023\/12\/fundacao-fiorindo-zucollo06.jpg\" alt=\"fundacao-fiorindo-zucollo06.jpg\" \/><\/figure><\/a><\/div><div class=\"swiper-slide\" role=\"group\" aria-roledescription=\"slide\" aria-label=\"7 de 8\"><a data-elementor-open-lightbox=\"yes\" data-elementor-lightbox-slideshow=\"6350a09d\" data-elementor-lightbox-title=\"fundacao-fiorindo-zucollo07.jpg\" data-e-action-hash=\"#elementor-action%3Aaction%3Dlightbox%26settings%3DeyJpZCI6MTU5OCwidXJsIjoiaHR0cHM6XC9cL3psYnJhc2lsLmNvbVwvZXNcL3dwLWNvbnRlbnRcL3VwbG9hZHNcLzIwMjNcLzEyXC9mdW5kYWNhby1maW9yaW5kby16dWNvbGxvMDcuanBnIiwic2xpZGVzaG93IjoiNjM1MGEwOWQifQ%3D%3D\" href=\"https:\/\/zlbrasil.com\/es\/wp-content\/uploads\/2023\/12\/fundacao-fiorindo-zucollo07.jpg\"><figure class=\"swiper-slide-inner\"><img decoding=\"async\" class=\"swiper-slide-image\" src=\"https:\/\/zlbrasil.com\/es\/wp-content\/uploads\/2023\/12\/fundacao-fiorindo-zucollo07.jpg\" alt=\"fundacao-fiorindo-zucollo07.jpg\" \/><\/figure><\/a><\/div><div class=\"swiper-slide\" role=\"group\" aria-roledescription=\"slide\" aria-label=\"8 de 8\"><a data-elementor-open-lightbox=\"yes\" data-elementor-lightbox-slideshow=\"6350a09d\" data-elementor-lightbox-title=\"fundacao-fiorindo-zucollo08.jpg\" data-e-action-hash=\"#elementor-action%3Aaction%3Dlightbox%26settings%3DeyJpZCI6MTU5OSwidXJsIjoiaHR0cHM6XC9cL3psYnJhc2lsLmNvbVwvZXNcL3dwLWNvbnRlbnRcL3VwbG9hZHNcLzIwMjNcLzEyXC9mdW5kYWNhby1maW9yaW5kby16dWNvbGxvMDguanBnIiwic2xpZGVzaG93IjoiNjM1MGEwOWQifQ%3D%3D\" href=\"https:\/\/zlbrasil.com\/es\/wp-content\/uploads\/2023\/12\/fundacao-fiorindo-zucollo08.jpg\"><figure class=\"swiper-slide-inner\"><img decoding=\"async\" class=\"swiper-slide-image\" src=\"https:\/\/zlbrasil.com\/es\/wp-content\/uploads\/2023\/12\/fundacao-fiorindo-zucollo08.jpg\" alt=\"fundacao-fiorindo-zucollo08.jpg\" \/><\/figure><\/a><\/div>\t\t\t<\/div>\n\t\t\t\t\t\t\t\t\t\t\t\t<div class=\"elementor-swiper-button elementor-swiper-button-prev\" role=\"button\" tabindex=\"0\">\n\t\t\t\t\t\t<i aria-hidden=\"true\" class=\"eicon-chevron-left\"><\/i>\t\t\t\t\t<\/div>\n\t\t\t\t\t<div class=\"elementor-swiper-button elementor-swiper-button-next\" role=\"button\" tabindex=\"0\">\n\t\t\t\t\t\t<i aria-hidden=\"true\" class=\"eicon-chevron-right\"><\/i>\t\t\t\t\t<\/div>\n\t\t\t\t\n\t\t\t\t\t\t\t\t\t<\/div>\n\t\t\t\t\t\t<\/div>\n\t\t\t\t<\/div>\n\t\t\t\t\t<\/div>\n\t\t<\/div>\n\t\t\t\t\t<\/div>\n\t\t<\/section>\n\t\t\t\t<\/div>\n\t\t","protected":false},"excerpt":{"rendered":"<p>Fundaci\u00f3n Fiorindo Zucollo Responsabilidad social Fundaci\u00f3n Fiorindo Zucollo Ayer un sue\u00f1o, hoy una realidad. Desde el a\u00f1o 2000, la Fundaci\u00f3n Fiorindo Zucollo demuestra el compromiso de ZL Brasil con los proyectos sociales. Las actividades de la fundaci\u00f3n comenzaron en Santa B\u00e1rbara d&#8217;Oeste, estado de S\u00e3o Paulo, por los directores Sr. Wilson Ant\u00f4nio Zucollo, Sr. Laerte [&hellip;]<\/p>\n","protected":false},"author":1,"featured_media":0,"parent":0,"menu_order":0,"comment_status":"closed","ping_status":"closed","template":"","meta":{"inline_featured_image":false,"footnotes":""},"class_list":["post-1584","page","type-page","status-publish","hentry"],"yoast_head":"<!-- This site is optimized with the Yoast SEO plugin v27.5 - https:\/\/yoast.com\/product\/yoast-seo-wordpress\/ -->\n<title>Fundaci\u00f3n Fiorindo Zucollo | ZL Brasil<\/title>\n<meta name=\"description\" content=\"Desde el a\u00f1o 2000, la Fundaci\u00f3n Fiorindo Zucollo demuestra el compromiso de ZL Brasil con los proyectos sociales.\" \/>\n<meta name=\"robots\" content=\"index, follow, max-snippet:-1, max-image-preview:large, max-video-preview:-1\" \/>\n<link rel=\"canonical\" href=\"https:\/\/zlbrasil.com\/es\/fundacion-fiorindo-zucollo\/\" \/>\n<meta property=\"og:locale\" content=\"pt_BR\" \/>\n<meta property=\"og:type\" content=\"article\" \/>\n<meta property=\"og:title\" content=\"Fundaci\u00f3n Fiorindo Zucollo | ZL Brasil\" \/>\n<meta property=\"og:description\" content=\"Desde el a\u00f1o 2000, la Fundaci\u00f3n Fiorindo Zucollo demuestra el compromiso de ZL Brasil con los proyectos sociales.\" \/>\n<meta property=\"og:url\" content=\"https:\/\/zlbrasil.com\/es\/fundacion-fiorindo-zucollo\/\" \/>\n<meta property=\"og:site_name\" content=\"ZL Brasil\" \/>\n<meta property=\"article:modified_time\" content=\"2023-12-12T18:28:32+00:00\" \/>\n<meta property=\"og:image\" content=\"https:\/\/zlbrasil.com\/es\/wp-content\/uploads\/2023\/12\/Base-Fiorindo-Zucollo.svg\" \/>\n<meta name=\"twitter:card\" content=\"summary_large_image\" \/>\n<meta name=\"twitter:label1\" content=\"Est. tempo de leitura\" \/>\n\t<meta name=\"twitter:data1\" content=\"5 minutos\" \/>\n<script type=\"application\/ld+json\" class=\"yoast-schema-graph\">{\"@context\":\"https:\\\/\\\/schema.org\",\"@graph\":[{\"@type\":\"WebPage\",\"@id\":\"https:\\\/\\\/zlbrasil.com\\\/es\\\/fundacion-fiorindo-zucollo\\\/\",\"url\":\"https:\\\/\\\/zlbrasil.com\\\/es\\\/fundacion-fiorindo-zucollo\\\/\",\"name\":\"Fundaci\u00f3n Fiorindo Zucollo | ZL Brasil\",\"isPartOf\":{\"@id\":\"https:\\\/\\\/zlbrasil.com\\\/es\\\/#website\"},\"primaryImageOfPage\":{\"@id\":\"https:\\\/\\\/zlbrasil.com\\\/es\\\/fundacion-fiorindo-zucollo\\\/#primaryimage\"},\"image\":{\"@id\":\"https:\\\/\\\/zlbrasil.com\\\/es\\\/fundacion-fiorindo-zucollo\\\/#primaryimage\"},\"thumbnailUrl\":\"https:\\\/\\\/zlbrasil.com\\\/es\\\/wp-content\\\/uploads\\\/2023\\\/12\\\/Base-Fiorindo-Zucollo.svg\",\"datePublished\":\"2023-12-12T18:23:14+00:00\",\"dateModified\":\"2023-12-12T18:28:32+00:00\",\"description\":\"Desde el a\u00f1o 2000, la Fundaci\u00f3n Fiorindo Zucollo demuestra el compromiso de ZL Brasil con los proyectos sociales.\",\"breadcrumb\":{\"@id\":\"https:\\\/\\\/zlbrasil.com\\\/es\\\/fundacion-fiorindo-zucollo\\\/#breadcrumb\"},\"inLanguage\":\"pt-BR\",\"potentialAction\":[{\"@type\":\"ReadAction\",\"target\":[\"https:\\\/\\\/zlbrasil.com\\\/es\\\/fundacion-fiorindo-zucollo\\\/\"]}]},{\"@type\":\"ImageObject\",\"inLanguage\":\"pt-BR\",\"@id\":\"https:\\\/\\\/zlbrasil.com\\\/es\\\/fundacion-fiorindo-zucollo\\\/#primaryimage\",\"url\":\"https:\\\/\\\/zlbrasil.com\\\/es\\\/wp-content\\\/uploads\\\/2023\\\/12\\\/Base-Fiorindo-Zucollo.svg\",\"contentUrl\":\"https:\\\/\\\/zlbrasil.com\\\/es\\\/wp-content\\\/uploads\\\/2023\\\/12\\\/Base-Fiorindo-Zucollo.svg\",\"width\":47,\"height\":26},{\"@type\":\"BreadcrumbList\",\"@id\":\"https:\\\/\\\/zlbrasil.com\\\/es\\\/fundacion-fiorindo-zucollo\\\/#breadcrumb\",\"itemListElement\":[{\"@type\":\"ListItem\",\"position\":1,\"name\":\"In\u00edcio\",\"item\":\"https:\\\/\\\/zlbrasil.com\\\/es\\\/\"},{\"@type\":\"ListItem\",\"position\":2,\"name\":\"Fundaci\u00f3n Fiorindo Zucollo\"}]},{\"@type\":\"WebSite\",\"@id\":\"https:\\\/\\\/zlbrasil.com\\\/es\\\/#website\",\"url\":\"https:\\\/\\\/zlbrasil.com\\\/es\\\/\",\"name\":\"ZL Brasil\",\"description\":\"Barras e Terminais de Dire\u00e7\u00e3o\",\"potentialAction\":[{\"@type\":\"SearchAction\",\"target\":{\"@type\":\"EntryPoint\",\"urlTemplate\":\"https:\\\/\\\/zlbrasil.com\\\/es\\\/?s={search_term_string}\"},\"query-input\":{\"@type\":\"PropertyValueSpecification\",\"valueRequired\":true,\"valueName\":\"search_term_string\"}}],\"inLanguage\":\"pt-BR\"}]}<\/script>\n<!-- \/ Yoast SEO plugin. -->","yoast_head_json":{"title":"Fundaci\u00f3n Fiorindo Zucollo | ZL Brasil","description":"Desde el a\u00f1o 2000, la Fundaci\u00f3n Fiorindo Zucollo demuestra el compromiso de ZL Brasil con los proyectos sociales.","robots":{"index":"index","follow":"follow","max-snippet":"max-snippet:-1","max-image-preview":"max-image-preview:large","max-video-preview":"max-video-preview:-1"},"canonical":"https:\/\/zlbrasil.com\/es\/fundacion-fiorindo-zucollo\/","og_locale":"pt_BR","og_type":"article","og_title":"Fundaci\u00f3n Fiorindo Zucollo | ZL Brasil","og_description":"Desde el a\u00f1o 2000, la Fundaci\u00f3n Fiorindo Zucollo demuestra el compromiso de ZL Brasil con los proyectos sociales.","og_url":"https:\/\/zlbrasil.com\/es\/fundacion-fiorindo-zucollo\/","og_site_name":"ZL Brasil","article_modified_time":"2023-12-12T18:28:32+00:00","og_image":[{"url":"https:\/\/zlbrasil.com\/es\/wp-content\/uploads\/2023\/12\/Base-Fiorindo-Zucollo.svg","type":"","width":"","height":""}],"twitter_card":"summary_large_image","twitter_misc":{"Est. tempo de leitura":"5 minutos"},"schema":{"@context":"https:\/\/schema.org","@graph":[{"@type":"WebPage","@id":"https:\/\/zlbrasil.com\/es\/fundacion-fiorindo-zucollo\/","url":"https:\/\/zlbrasil.com\/es\/fundacion-fiorindo-zucollo\/","name":"Fundaci\u00f3n Fiorindo Zucollo | ZL Brasil","isPartOf":{"@id":"https:\/\/zlbrasil.com\/es\/#website"},"primaryImageOfPage":{"@id":"https:\/\/zlbrasil.com\/es\/fundacion-fiorindo-zucollo\/#primaryimage"},"image":{"@id":"https:\/\/zlbrasil.com\/es\/fundacion-fiorindo-zucollo\/#primaryimage"},"thumbnailUrl":"https:\/\/zlbrasil.com\/es\/wp-content\/uploads\/2023\/12\/Base-Fiorindo-Zucollo.svg","datePublished":"2023-12-12T18:23:14+00:00","dateModified":"2023-12-12T18:28:32+00:00","description":"Desde el a\u00f1o 2000, la Fundaci\u00f3n Fiorindo Zucollo demuestra el compromiso de ZL Brasil con los proyectos sociales.","breadcrumb":{"@id":"https:\/\/zlbrasil.com\/es\/fundacion-fiorindo-zucollo\/#breadcrumb"},"inLanguage":"pt-BR","potentialAction":[{"@type":"ReadAction","target":["https:\/\/zlbrasil.com\/es\/fundacion-fiorindo-zucollo\/"]}]},{"@type":"ImageObject","inLanguage":"pt-BR","@id":"https:\/\/zlbrasil.com\/es\/fundacion-fiorindo-zucollo\/#primaryimage","url":"https:\/\/zlbrasil.com\/es\/wp-content\/uploads\/2023\/12\/Base-Fiorindo-Zucollo.svg","contentUrl":"https:\/\/zlbrasil.com\/es\/wp-content\/uploads\/2023\/12\/Base-Fiorindo-Zucollo.svg","width":47,"height":26},{"@type":"BreadcrumbList","@id":"https:\/\/zlbrasil.com\/es\/fundacion-fiorindo-zucollo\/#breadcrumb","itemListElement":[{"@type":"ListItem","position":1,"name":"In\u00edcio","item":"https:\/\/zlbrasil.com\/es\/"},{"@type":"ListItem","position":2,"name":"Fundaci\u00f3n Fiorindo Zucollo"}]},{"@type":"WebSite","@id":"https:\/\/zlbrasil.com\/es\/#website","url":"https:\/\/zlbrasil.com\/es\/","name":"ZL Brasil","description":"Barras e Terminais de Dire\u00e7\u00e3o","potentialAction":[{"@type":"SearchAction","target":{"@type":"EntryPoint","urlTemplate":"https:\/\/zlbrasil.com\/es\/?s={search_term_string}"},"query-input":{"@type":"PropertyValueSpecification","valueRequired":true,"valueName":"search_term_string"}}],"inLanguage":"pt-BR"}]}},"_links":{"self":[{"href":"https:\/\/zlbrasil.com\/es\/wp-json\/wp\/v2\/pages\/1584","targetHints":{"allow":["GET"]}}],"collection":[{"href":"https:\/\/zlbrasil.com\/es\/wp-json\/wp\/v2\/pages"}],"about":[{"href":"https:\/\/zlbrasil.com\/es\/wp-json\/wp\/v2\/types\/page"}],"author":[{"embeddable":true,"href":"https:\/\/zlbrasil.com\/es\/wp-json\/wp\/v2\/users\/1"}],"replies":[{"embeddable":true,"href":"https:\/\/zlbrasil.com\/es\/wp-json\/wp\/v2\/comments?post=1584"}],"version-history":[{"count":10,"href":"https:\/\/zlbrasil.com\/es\/wp-json\/wp\/v2\/pages\/1584\/revisions"}],"predecessor-version":[{"id":1605,"href":"https:\/\/zlbrasil.com\/es\/wp-json\/wp\/v2\/pages\/1584\/revisions\/1605"}],"wp:attachment":[{"href":"https:\/\/zlbrasil.com\/es\/wp-json\/wp\/v2\/media?parent=1584"}],"curies":[{"name":"wp","href":"https:\/\/api.w.org\/{rel}","templated":true}]}}