{"id":1335,"date":"2023-07-29T11:05:13","date_gmt":"2023-07-29T14:05:13","guid":{"rendered":"https:\/\/zlbrasil.com\/site\/?page_id=1335"},"modified":"2023-12-07T17:37:52","modified_gmt":"2023-12-07T20:37:52","slug":"adecuacion-lgpd","status":"publish","type":"page","link":"https:\/\/zlbrasil.com\/es\/adecuacion-lgpd\/","title":{"rendered":"Pol\u00edtica de privacidad \u2013 LGPD"},"content":{"rendered":"\t\t<div data-elementor-type=\"wp-page\" data-elementor-id=\"1335\" class=\"elementor elementor-1335\">\n\t\t\t\t\t\t<section class=\"elementor-section elementor-top-section elementor-element elementor-element-a2a0c31 elementor-section-boxed elementor-section-height-default elementor-section-height-default\" data-id=\"a2a0c31\" data-element_type=\"section\" data-settings=\"{&quot;background_background&quot;:&quot;gradient&quot;}\">\n\t\t\t\t\t\t<div class=\"elementor-container elementor-column-gap-default\">\n\t\t\t\t\t<div class=\"elementor-column elementor-col-100 elementor-top-column elementor-element elementor-element-693a0ac\" data-id=\"693a0ac\" data-element_type=\"column\">\n\t\t\t<div class=\"elementor-widget-wrap elementor-element-populated\">\n\t\t\t\t\t\t<div class=\"elementor-element elementor-element-a67d3ed elementor-widget elementor-widget-heading\" data-id=\"a67d3ed\" data-element_type=\"widget\" data-widget_type=\"heading.default\">\n\t\t\t\t<div class=\"elementor-widget-container\">\n\t\t\t\t\t<h2 class=\"elementor-heading-title elementor-size-default\">Pol\u00edtica de privacidad \u2013 LGPD<\/h2>\t\t\t\t<\/div>\n\t\t\t\t<\/div>\n\t\t\t\t<div class=\"elementor-element elementor-element-ed7f103 elementor-widget elementor-widget-heading\" data-id=\"ed7f103\" data-element_type=\"widget\" data-widget_type=\"heading.default\">\n\t\t\t\t<div class=\"elementor-widget-container\">\n\t\t\t\t\t<h2 class=\"elementor-heading-title elementor-size-default\"><b>\u00bfQu\u00e9 es la LGPD?<\/b>\n<br><br>\nLa <b>ley federal N\u00b0 13.709\/2018<\/b> - <b>Ley General de Protecci\u00f3n de Datos<\/b> - fue creada para proteger los datos personales y la privacidad de todas las personas, tanto en medios f\u00edsicos como digitales.\nAunque estos datos son confidenciales, es muy com\u00fan que sean compartidos o vendidos sin el conocimiento y autorizaci\u00f3n de las personas, con la <b>LGPD<\/b> esto ya no estar\u00e1 permitido.\nNos comprometemos a salvaguardar su privacidad al establecer esta relaci\u00f3n con nosotros, nuestro objetivo es dejar lo m\u00e1s clara posible nuestra pol\u00edtica de recogida e intercambio de datos, recogida tambi\u00e9n en la <b>Pol\u00edtica de Privacidad<\/b>, inform\u00e1ndole sobre los datos recopilados y c\u00f3mo los utilizamos.\n<br><br>\nAl utilizar nuestros servicios, usted declara su consentimiento <b>expreso<\/b> para que recopilemos, procesemos y almacenemos datos sobre usted cuando lo consideremos necesario para brindarle nuestros servicios, tales como:\n<br><br>\n<b>1) Servicios:<\/b>\n<br><br>\n<b>\u2022 Informaci\u00f3n que usted proporciona.<\/b> Recopilamos los datos que usted proporciona al registrarse, como nombre y apellido, direcci\u00f3n postal, direcci\u00f3n de correo electr\u00f3nico, WhatsApp, Skype, informaci\u00f3n de pago, datos bancarios, DNI, CPF, contrato social. , CNPJ, as\u00ed como otras informaciones requeridas para el registro.\n<br><br>\n<b>\u2022 Comunicaci\u00f3n.<\/b> Podemos registrar y registrar todos los datos proporcionados en toda comunicaci\u00f3n realizada con nuestro equipo de colaboradores, ya sea por medios electr\u00f3nicos, mensajes, tel\u00e9fono o cualquier otro medio.\n<br><br>\n<b>\u2022 Informaci\u00f3n de pago. <\/b>Cuando env\u00eda sus datos o los de su empresa para pagos, podemos recopilar informaci\u00f3n sobre la compra o transacci\u00f3n. Esto cubre informaci\u00f3n suya o de su empresa de pago, como datos de tarjeta de cr\u00e9dito o d\u00e9bito, informaci\u00f3n de cuenta y autenticaci\u00f3n, adem\u00e1s de datos de facturaci\u00f3n, como direcci\u00f3n completa, CPF, RG y CNPJ.\n<br><br>\n<b>2) Finalidades: Uso de esta informaci\u00f3n<\/b>\n<br><br>\n\u2022 Realizar y mantener actualizado su registro, verificar su identidad y cualquier otra informaci\u00f3n;<br>\n\u2022 Servir a nuestros clientes, clientes potenciales y terceros, incluyendo el manejo de preguntas, quejas, solicitudes y soporte a trav\u00e9s de nuestros canales de atenci\u00f3n, permiti\u00e9ndoles contactarnos cuando sea necesario;<br>\n\u2022 Env\u00edo de comunicaciones en general;<br>\n\u2022 Contactar a los interesados \u200b\u200bpara enviarles informaci\u00f3n sobre: \u200b\u200b(a) productos y\/o servicios ofrecidos por la marca y sus socios, as\u00ed como otra informaci\u00f3n relevante, como cambios en las funcionalidades del sitio web y otros asuntos que la marca considere de inter\u00e9s;<br>\n\u2022 Hablar con el cliente sobre la tramitaci\u00f3n de sus pedidos y solicitudes, as\u00ed como informarle sobre ofertas, programas, sorteos o promociones de la marca o de sus socios comerciales;<br>\n\u2022 Proporcionar atenci\u00f3n al cliente a los interesados, lo que puede implicar diversas actividades relacionadas con los servicios contratados;<br>\n\u2022 Cumplir con las \u00f3rdenes y decisiones judiciales, administrativas y arbitrales.\n<br><br>\n<b>3) Intercambio de datos<\/b>\n<br><br>\n<b>ZL Brasil<\/b> no vende ni intercambia sus datos personales con terceros, pero puede compartirlos con otras personas como parte esencial de la prestaci\u00f3n de nuestros servicios, como proveedores de servicios, socios, instituciones financieras (exclusivamente para permitir pagos) u organismos reguladores cuando sea necesario o relevante para los fines establecidos en los contratos con nuestros clientes y en esta Pol\u00edtica de Privacidad, dentro de estrictos est\u00e1ndares de seguridad, buscando siempre la confidencialidad de su informaci\u00f3n para la protecci\u00f3n de datos.\n<br><br>\nLos datos personales tambi\u00e9n podr\u00e1n ser compartidos para cumplir con la legislaci\u00f3n vigente, con fines fiscales, penales y\/o de consumo, as\u00ed como para cooperar con las autoridades competentes.\n<br><br>\n<b>4) Almacenamiento de datos<\/b>\n<br><br>\nEl per\u00edodo durante el cual <b>ZL Brasil<\/b> conserva los datos personales recopilados depende de la finalidad y la naturaleza del procesamiento de datos. Por lo tanto, procesaremos sus datos recopilados durante el per\u00edodo necesario para cumplir con las obligaciones legales, reglamentarias y contractuales, para continuar brindando y mejorando nuestros productos y servicios, para la gesti\u00f3n de riesgos, para el ejercicio regular de los derechos en procedimientos administrativos, judiciales y de arbitraje y para los dem\u00e1s fines establecidos en esta <b>Pol\u00edtica de Privacidad.<\/b>\n<br><br><b>Pol\u00edtica de Privacidad.<\/b>\n<br><br>\nTodos los datos recopilados se conservar\u00e1n por un per\u00edodo m\u00ednimo de 06 (seis) meses y un per\u00edodo m\u00e1ximo de 30 (treinta) a\u00f1os, cuando ser\u00e1n eliminados de nuestros servidores. Los datos podr\u00e1n ser suprimidos antes de finalizar dicho plazo cuando el titular de los datos personales as\u00ed lo solicite o cuando ya no sean necesarios o pertinentes para que podamos ofrecer nuestros servicios, salvo que exista cualquier otro motivo para su mantenimiento, como por ejemplo una posible causa legal. obligaci\u00f3n de conservaci\u00f3n de datos, o necesidad de conservarlos para proteger los derechos de la empresa.\n<br><br>\nTodos los datos personales se almacenan en servidores protegidos por contrase\u00f1a, sistema ERP, discos electr\u00f3nicos, computadoras, tel\u00e9fonos inteligentes, cat\u00e1logo electr\u00f3nico, en la base de datos de Skype o correo electr\u00f3nico, as\u00ed como en casilleros protegidos con llave (en casos de informaci\u00f3n transmitida f\u00edsicamente). , ubicado en Brasil. <b>ZL Brasil<\/b> podr\u00e1 reubicar y almacenar servidores en cualquier otro pa\u00eds que cumpla con la legislaci\u00f3n de privacidad, con el fin de tener soporte o respaldo, manteni\u00e9ndolos siempre de forma segura bajo nuestra supervisi\u00f3n.\n<br><br>\n<b>5) Derechos de los Titulares de Datos Personales<\/b>\n<br><br>\n<b>ZL Brasil<\/b> garantiza a los clientes que sus solicitudes ser\u00e1n atendidas con base en los derechos de los interesados \u200b\u200bproporcionados, tal como se describe en la <b>Ley 13.709 \u2013 LGPD<\/b>.\n<br><br>\n<b>I<\/b> \u2013 Confirmaci\u00f3n de la existencia del tratamiento;<br>\n<b>II<\/b> \u2013 Acceso a los datos;\n<b>III<\/b> \u2013 Correcci\u00f3n de datos incompletos, inexactos o desactualizados;<br>\n<b>IV<\/b> \u2013 Anonimizaci\u00f3n, bloqueo o eliminaci\u00f3n de datos innecesarios, excesivos o tratados que no cumplan con las disposiciones de la Ley;<br>\n<b>V<\/b> \u2013 Portabilidad de datos a otro proveedor de servicios o productos previa solicitud expresa, de conformidad con las normas de la autoridad nacional, observando secretos comerciales e industriales;<br>\n<b>VI<\/b> \u2013 Eliminaci\u00f3n de datos personales tratados con el consentimiento del titular, salvo en los casos previstos por la Ley;<br>\n<b>VII<\/b> \u2013 Informaci\u00f3n sobre entidades p\u00fablicas y privadas con las que el responsable comparti\u00f3 el uso de datos;<br>\n<b>VIII<\/b> \u2013 Informaci\u00f3n sobre la posibilidad de no prestar el consentimiento y las consecuencias de su negativa;<br>\n<b>IX<\/b> \u2013 Revocaci\u00f3n del consentimiento.\n<br><br>\nLos titulares pueden ejercer sus derechos a trav\u00e9s de los canales de comunicaci\u00f3n <b>ZL Brasil<\/b> habilitados para tal efecto. El interesado es consciente de que sus solicitudes pueden ser legalmente rechazadas, siendo justificadas al interesado en los t\u00e9rminos de la <b>Ley 13.709 \u2013 LGPD.<\/b>\n<br><br>\nSi el usuario tiene alguna pregunta sobre c\u00f3mo puede ejercer estos derechos, comun\u00edquese con nosotros por correo electr\u00f3nico: <b>qualidade@zlbrasil.com<\/b> y hable con nuestro <b>Delegado de Protecci\u00f3n de Datos Personales. Le solicitamos que escriba en el campo Asunto: \u201cDatos personales\u201d.<\/b>\n<br><br>\n<b>6) Seguridad de los datos\n<\/b><br><br>\nLos datos personales en posesi\u00f3n de <b>ZL Brasil<\/b> ser\u00e1n almacenados de acuerdo con los m\u00e1s estrictos est\u00e1ndares adoptados por el mercado, utilizando medidas de seguridad para preservar la privacidad e integridad de los datos. Mantenemos controles de acceso a los datos de nuestros clientes, as\u00ed como capacitamos a los equipos para procesar correctamente los datos.\n<br><br>\nUtilizamos medios t\u00e9cnicos viables para proteger los datos electr\u00f3nicos, como antivirus; alojamiento profesional, contrase\u00f1as cifradas; Certificado de seguridad SSL; firewall para minimizar el riesgo de pirater\u00eda; antispam para proteger contra correos electr\u00f3nicos que puedan contener virus; y control de acceso individual a ordenadores, redes y sistemas.\n<br><br>\nEs decir, protegemos tus datos personales de todo tipo de amenazas: destrucci\u00f3n, p\u00e9rdida, alteraci\u00f3n, divulgaci\u00f3n o acceso no autorizado. <b>ZL Brasil<\/b> protege sus Datos Personales de acuerdo con los est\u00e1ndares y procedimientos de seguridad y confidencialidad establecidos por la legislaci\u00f3n brasile\u00f1a.\n<br><br>\nAdem\u00e1s de adoptar buenas pr\u00e1cticas de seguridad en relaci\u00f3n con sus datos personales, si el usuario identifica o toma conocimiento de algo que comprometa la seguridad de sus datos personales, comun\u00edquese con nosotros por correo electr\u00f3nico: <b>qualidade@zlbrasil.com<\/b> y hable con nuestro <b>Delegado de Protecci\u00f3n de Datos Personales.<\/b>\n<br><br>\n<b>7) C\u00f3mo acceder y controlar tu informaci\u00f3n<\/b>\n<br><br>\nPodr\u00e1s solicitar informaci\u00f3n, modificaci\u00f3n, aclaraci\u00f3n o supresi\u00f3n de tus datos. Cumpliremos con las solicitudes de acuerdo con la ley de protecci\u00f3n de datos aplicable.\n<br><br>\nC\u00f3mo contactarnos.\n<br><br>\n<b>correo electr\u00f3nico: <\/b>qualidade@zlbrasil.com\n<b>tel\u00e9fono:<\/b> (19)3464-5019<\/h2>\t\t\t\t<\/div>\n\t\t\t\t<\/div>\n\t\t\t\t\t<\/div>\n\t\t<\/div>\n\t\t\t\t\t<\/div>\n\t\t<\/section>\n\t\t\t\t<\/div>\n\t\t","protected":false},"excerpt":{"rendered":"<p>Pol\u00edtica de privacidad \u2013 LGPD \u00bfQu\u00e9 es la LGPD? La ley federal N\u00b0 13.709\/2018 &#8211; Ley General de Protecci\u00f3n de Datos &#8211; fue creada para proteger los datos personales y la privacidad de todas las personas, tanto en medios f\u00edsicos como digitales. Aunque estos datos son confidenciales, es muy com\u00fan que sean compartidos o vendidos [&hellip;]<\/p>\n","protected":false},"author":1,"featured_media":0,"parent":0,"menu_order":0,"comment_status":"closed","ping_status":"closed","template":"","meta":{"inline_featured_image":false,"footnotes":""},"class_list":["post-1335","page","type-page","status-publish","hentry"],"yoast_head":"<!-- This site is optimized with the Yoast SEO plugin v27.5 - https:\/\/yoast.com\/product\/yoast-seo-wordpress\/ -->\n<title>Pol\u00edtica de privacidad \u2013 LGPD - ZL Brasil<\/title>\n<meta name=\"description\" content=\"La Pol\u00edtica de Privacidad de Datos de ZL BRASIL tiene como objetivo demostrar compromiso, transparencia y responsabilidad.\" \/>\n<meta name=\"robots\" content=\"index, follow, max-snippet:-1, max-image-preview:large, max-video-preview:-1\" \/>\n<link rel=\"canonical\" href=\"https:\/\/zlbrasil.com\/es\/adecuacion-lgpd\/\" \/>\n<meta property=\"og:locale\" content=\"pt_BR\" \/>\n<meta property=\"og:type\" content=\"article\" \/>\n<meta property=\"og:title\" content=\"Pol\u00edtica de privacidad \u2013 LGPD - ZL Brasil\" \/>\n<meta property=\"og:description\" content=\"La Pol\u00edtica de Privacidad de Datos de ZL BRASIL tiene como objetivo demostrar compromiso, transparencia y responsabilidad.\" \/>\n<meta property=\"og:url\" content=\"https:\/\/zlbrasil.com\/es\/adecuacion-lgpd\/\" \/>\n<meta property=\"og:site_name\" content=\"ZL Brasil\" \/>\n<meta property=\"article:modified_time\" content=\"2023-12-07T20:37:52+00:00\" \/>\n<meta name=\"twitter:card\" content=\"summary_large_image\" \/>\n<meta name=\"twitter:label1\" content=\"Est. tempo de leitura\" \/>\n\t<meta name=\"twitter:data1\" content=\"8 minutos\" \/>\n<script type=\"application\/ld+json\" class=\"yoast-schema-graph\">{\"@context\":\"https:\\\/\\\/schema.org\",\"@graph\":[{\"@type\":\"WebPage\",\"@id\":\"https:\\\/\\\/zlbrasil.com\\\/es\\\/adecuacion-lgpd\\\/\",\"url\":\"https:\\\/\\\/zlbrasil.com\\\/es\\\/adecuacion-lgpd\\\/\",\"name\":\"Pol\u00edtica de privacidad \u2013 LGPD - ZL Brasil\",\"isPartOf\":{\"@id\":\"https:\\\/\\\/zlbrasil.com\\\/es\\\/#website\"},\"datePublished\":\"2023-07-29T14:05:13+00:00\",\"dateModified\":\"2023-12-07T20:37:52+00:00\",\"description\":\"La Pol\u00edtica de Privacidad de Datos de ZL BRASIL tiene como objetivo demostrar compromiso, transparencia y responsabilidad.\",\"breadcrumb\":{\"@id\":\"https:\\\/\\\/zlbrasil.com\\\/es\\\/adecuacion-lgpd\\\/#breadcrumb\"},\"inLanguage\":\"pt-BR\",\"potentialAction\":[{\"@type\":\"ReadAction\",\"target\":[\"https:\\\/\\\/zlbrasil.com\\\/es\\\/adecuacion-lgpd\\\/\"]}]},{\"@type\":\"BreadcrumbList\",\"@id\":\"https:\\\/\\\/zlbrasil.com\\\/es\\\/adecuacion-lgpd\\\/#breadcrumb\",\"itemListElement\":[{\"@type\":\"ListItem\",\"position\":1,\"name\":\"In\u00edcio\",\"item\":\"https:\\\/\\\/zlbrasil.com\\\/es\\\/\"},{\"@type\":\"ListItem\",\"position\":2,\"name\":\"Pol\u00edtica de privacidad \u2013 LGPD\"}]},{\"@type\":\"WebSite\",\"@id\":\"https:\\\/\\\/zlbrasil.com\\\/es\\\/#website\",\"url\":\"https:\\\/\\\/zlbrasil.com\\\/es\\\/\",\"name\":\"ZL Brasil\",\"description\":\"Barras e Terminais de Dire\u00e7\u00e3o\",\"potentialAction\":[{\"@type\":\"SearchAction\",\"target\":{\"@type\":\"EntryPoint\",\"urlTemplate\":\"https:\\\/\\\/zlbrasil.com\\\/es\\\/?s={search_term_string}\"},\"query-input\":{\"@type\":\"PropertyValueSpecification\",\"valueRequired\":true,\"valueName\":\"search_term_string\"}}],\"inLanguage\":\"pt-BR\"}]}<\/script>\n<!-- \/ Yoast SEO plugin. -->","yoast_head_json":{"title":"Pol\u00edtica de privacidad \u2013 LGPD - ZL Brasil","description":"La Pol\u00edtica de Privacidad de Datos de ZL BRASIL tiene como objetivo demostrar compromiso, transparencia y responsabilidad.","robots":{"index":"index","follow":"follow","max-snippet":"max-snippet:-1","max-image-preview":"max-image-preview:large","max-video-preview":"max-video-preview:-1"},"canonical":"https:\/\/zlbrasil.com\/es\/adecuacion-lgpd\/","og_locale":"pt_BR","og_type":"article","og_title":"Pol\u00edtica de privacidad \u2013 LGPD - ZL Brasil","og_description":"La Pol\u00edtica de Privacidad de Datos de ZL BRASIL tiene como objetivo demostrar compromiso, transparencia y responsabilidad.","og_url":"https:\/\/zlbrasil.com\/es\/adecuacion-lgpd\/","og_site_name":"ZL Brasil","article_modified_time":"2023-12-07T20:37:52+00:00","twitter_card":"summary_large_image","twitter_misc":{"Est. tempo de leitura":"8 minutos"},"schema":{"@context":"https:\/\/schema.org","@graph":[{"@type":"WebPage","@id":"https:\/\/zlbrasil.com\/es\/adecuacion-lgpd\/","url":"https:\/\/zlbrasil.com\/es\/adecuacion-lgpd\/","name":"Pol\u00edtica de privacidad \u2013 LGPD - ZL Brasil","isPartOf":{"@id":"https:\/\/zlbrasil.com\/es\/#website"},"datePublished":"2023-07-29T14:05:13+00:00","dateModified":"2023-12-07T20:37:52+00:00","description":"La Pol\u00edtica de Privacidad de Datos de ZL BRASIL tiene como objetivo demostrar compromiso, transparencia y responsabilidad.","breadcrumb":{"@id":"https:\/\/zlbrasil.com\/es\/adecuacion-lgpd\/#breadcrumb"},"inLanguage":"pt-BR","potentialAction":[{"@type":"ReadAction","target":["https:\/\/zlbrasil.com\/es\/adecuacion-lgpd\/"]}]},{"@type":"BreadcrumbList","@id":"https:\/\/zlbrasil.com\/es\/adecuacion-lgpd\/#breadcrumb","itemListElement":[{"@type":"ListItem","position":1,"name":"In\u00edcio","item":"https:\/\/zlbrasil.com\/es\/"},{"@type":"ListItem","position":2,"name":"Pol\u00edtica de privacidad \u2013 LGPD"}]},{"@type":"WebSite","@id":"https:\/\/zlbrasil.com\/es\/#website","url":"https:\/\/zlbrasil.com\/es\/","name":"ZL Brasil","description":"Barras e Terminais de Dire\u00e7\u00e3o","potentialAction":[{"@type":"SearchAction","target":{"@type":"EntryPoint","urlTemplate":"https:\/\/zlbrasil.com\/es\/?s={search_term_string}"},"query-input":{"@type":"PropertyValueSpecification","valueRequired":true,"valueName":"search_term_string"}}],"inLanguage":"pt-BR"}]}},"_links":{"self":[{"href":"https:\/\/zlbrasil.com\/es\/wp-json\/wp\/v2\/pages\/1335","targetHints":{"allow":["GET"]}}],"collection":[{"href":"https:\/\/zlbrasil.com\/es\/wp-json\/wp\/v2\/pages"}],"about":[{"href":"https:\/\/zlbrasil.com\/es\/wp-json\/wp\/v2\/types\/page"}],"author":[{"embeddable":true,"href":"https:\/\/zlbrasil.com\/es\/wp-json\/wp\/v2\/users\/1"}],"replies":[{"embeddable":true,"href":"https:\/\/zlbrasil.com\/es\/wp-json\/wp\/v2\/comments?post=1335"}],"version-history":[{"count":11,"href":"https:\/\/zlbrasil.com\/es\/wp-json\/wp\/v2\/pages\/1335\/revisions"}],"predecessor-version":[{"id":1426,"href":"https:\/\/zlbrasil.com\/es\/wp-json\/wp\/v2\/pages\/1335\/revisions\/1426"}],"wp:attachment":[{"href":"https:\/\/zlbrasil.com\/es\/wp-json\/wp\/v2\/media?parent=1335"}],"curies":[{"name":"wp","href":"https:\/\/api.w.org\/{rel}","templated":true}]}}