{"id":1298,"date":"2023-07-29T10:35:18","date_gmt":"2023-07-29T13:35:18","guid":{"rendered":"https:\/\/zlbrasil.com\/site\/?page_id=1298"},"modified":"2023-12-12T15:51:45","modified_gmt":"2023-12-12T18:51:45","slug":"representantes","status":"publish","type":"page","link":"https:\/\/zlbrasil.com\/es\/representantes\/","title":{"rendered":"Representantes"},"content":{"rendered":"\t\t<div data-elementor-type=\"wp-page\" data-elementor-id=\"1298\" class=\"elementor elementor-1298\">\n\t\t\t\t\t\t<section class=\"elementor-section elementor-top-section elementor-element elementor-element-85333e7 elementor-section-boxed elementor-section-height-default elementor-section-height-default\" data-id=\"85333e7\" data-element_type=\"section\" data-settings=\"{&quot;background_background&quot;:&quot;gradient&quot;}\">\n\t\t\t\t\t\t\t<div class=\"elementor-background-overlay\"><\/div>\n\t\t\t\t\t\t\t<div class=\"elementor-container elementor-column-gap-default\">\n\t\t\t\t\t<div class=\"elementor-column elementor-col-100 elementor-top-column elementor-element elementor-element-3c7b9a9\" data-id=\"3c7b9a9\" data-element_type=\"column\">\n\t\t\t<div class=\"elementor-widget-wrap elementor-element-populated\">\n\t\t\t\t\t\t<div class=\"elementor-element elementor-element-7b1404da elementor-widget elementor-widget-image\" data-id=\"7b1404da\" data-element_type=\"widget\" data-widget_type=\"image.default\">\n\t\t\t\t<div class=\"elementor-widget-container\">\n\t\t\t\t\t\t\t\t\t\t\t\t\t\t\t<img fetchpriority=\"high\" decoding=\"async\" width=\"800\" height=\"800\" src=\"https:\/\/zlbrasil.com\/es\/wp-content\/uploads\/2021\/11\/icone-6-svg.svg\" class=\"attachment-large size-large wp-image-387\" alt=\"\" \/>\t\t\t\t\t\t\t\t\t\t\t\t\t\t\t<\/div>\n\t\t\t\t<\/div>\n\t\t\t\t<div class=\"elementor-element elementor-element-04fd7f3 elementor-widget elementor-widget-heading\" data-id=\"04fd7f3\" data-element_type=\"widget\" data-widget_type=\"heading.default\">\n\t\t\t\t<div class=\"elementor-widget-container\">\n\t\t\t\t\t<h1 class=\"elementor-heading-title elementor-size-default\">Encuentra el representante\n\u00a1Cerca de t\u00ed!<\/h1>\t\t\t\t<\/div>\n\t\t\t\t<\/div>\n\t\t\t\t\t<\/div>\n\t\t<\/div>\n\t\t\t\t\t<\/div>\n\t\t<\/section>\n\t\t\t\t<section class=\"elementor-section elementor-top-section elementor-element elementor-element-ed3679d elementor-section-boxed elementor-section-height-default elementor-section-height-default\" data-id=\"ed3679d\" data-element_type=\"section\">\n\t\t\t\t\t\t<div class=\"elementor-container elementor-column-gap-default\">\n\t\t\t\t\t<div class=\"elementor-column elementor-col-33 elementor-top-column elementor-element elementor-element-eb4a88f\" data-id=\"eb4a88f\" data-element_type=\"column\">\n\t\t\t<div class=\"elementor-widget-wrap elementor-element-populated\">\n\t\t\t\t\t\t<div class=\"elementor-element elementor-element-1df1724 elementor-widget elementor-widget-heading\" data-id=\"1df1724\" data-element_type=\"widget\" data-widget_type=\"heading.default\">\n\t\t\t\t<div class=\"elementor-widget-container\">\n\t\t\t\t\t<h1 class=\"elementor-heading-title elementor-size-default\">Representantes<\/h1>\t\t\t\t<\/div>\n\t\t\t\t<\/div>\n\t\t\t\t\t<\/div>\n\t\t<\/div>\n\t\t\t\t<div class=\"elementor-column elementor-col-33 elementor-top-column elementor-element elementor-element-1aa8333\" data-id=\"1aa8333\" data-element_type=\"column\">\n\t\t\t<div class=\"elementor-widget-wrap\">\n\t\t\t\t\t\t\t<\/div>\n\t\t<\/div>\n\t\t\t\t<div class=\"elementor-column elementor-col-33 elementor-top-column elementor-element elementor-element-78fbe09\" data-id=\"78fbe09\" data-element_type=\"column\" data-settings=\"{&quot;background_background&quot;:&quot;classic&quot;}\">\n\t\t\t<div class=\"elementor-widget-wrap\">\n\t\t\t\t\t\t\t<\/div>\n\t\t<\/div>\n\t\t\t\t\t<\/div>\n\t\t<\/section>\n\t\t\t\t<section class=\"elementor-section elementor-top-section elementor-element elementor-element-818750c elementor-section-boxed elementor-section-height-default elementor-section-height-default\" data-id=\"818750c\" data-element_type=\"section\">\n\t\t\t\t\t\t<div class=\"elementor-container elementor-column-gap-default\">\n\t\t\t\t\t<div class=\"elementor-column elementor-col-100 elementor-top-column elementor-element elementor-element-b886900\" data-id=\"b886900\" data-element_type=\"column\">\n\t\t\t<div class=\"elementor-widget-wrap elementor-element-populated\">\n\t\t\t\t\t\t<div class=\"elementor-element elementor-element-cafe9fa elementor-widget elementor-widget-heading\" data-id=\"cafe9fa\" data-element_type=\"widget\" data-widget_type=\"heading.default\">\n\t\t\t\t<div class=\"elementor-widget-container\">\n\t\t\t\t\t<h2 class=\"elementor-heading-title elementor-size-default\"><b>Este servicio no est\u00e1 disponible en su regi\u00f3n.<\/b> <br>Haga clic en el bot\u00f3n a continuaci\u00f3n para encontrar nuestros representantes en Brasil.<\/h2>\t\t\t\t<\/div>\n\t\t\t\t<\/div>\n\t\t\t\t<div class=\"elementor-element elementor-element-abf59cb elementor-align-center elementor-widget elementor-widget-button\" data-id=\"abf59cb\" data-element_type=\"widget\" data-widget_type=\"button.default\">\n\t\t\t\t<div class=\"elementor-widget-container\">\n\t\t\t\t\t\t\t\t\t<div class=\"elementor-button-wrapper\">\n\t\t\t\t\t<a class=\"elementor-button elementor-button-link elementor-size-md\" href=\"https:\/\/zlbrasil.com\/site\/representantes\/\">\n\t\t\t\t\t\t<span class=\"elementor-button-content-wrapper\">\n\t\t\t\t\t\t<span class=\"elementor-button-icon\">\n\t\t\t\t<i aria-hidden=\"true\" class=\"fas fa-arrow-right\"><\/i>\t\t\t<\/span>\n\t\t\t\t\t\t\t\t\t<span class=\"elementor-button-text\">Haga clic aqu\u00ed<\/span>\n\t\t\t\t\t<\/span>\n\t\t\t\t\t<\/a>\n\t\t\t\t<\/div>\n\t\t\t\t\t\t\t\t<\/div>\n\t\t\t\t<\/div>\n\t\t\t\t\t<\/div>\n\t\t<\/div>\n\t\t\t\t\t<\/div>\n\t\t<\/section>\n\t\t\t\t<\/div>\n\t\t","protected":false},"excerpt":{"rendered":"<p>Encuentra el representante \u00a1Cerca de t\u00ed! Representantes Este servicio no est\u00e1 disponible en su regi\u00f3n. Haga clic en el bot\u00f3n a continuaci\u00f3n para encontrar nuestros representantes en Brasil. Haga clic aqu\u00ed<\/p>\n","protected":false},"author":1,"featured_media":0,"parent":0,"menu_order":0,"comment_status":"closed","ping_status":"closed","template":"","meta":{"inline_featured_image":false,"footnotes":""},"class_list":["post-1298","page","type-page","status-publish","hentry"],"yoast_head":"<!-- This site is optimized with the Yoast SEO plugin v27.5 - https:\/\/yoast.com\/product\/yoast-seo-wordpress\/ -->\n<title>Representantes | ZL Brasil<\/title>\n<meta name=\"description\" content=\"Repuestos ZL Brasil para camiones y autobuses. P\u00f3ngase en contacto con el representante de ZL Brasil m\u00e1s cercano a usted en su estado.\" \/>\n<meta name=\"robots\" content=\"index, follow, max-snippet:-1, max-image-preview:large, max-video-preview:-1\" \/>\n<link rel=\"canonical\" href=\"https:\/\/zlbrasil.com\/es\/representantes\/\" \/>\n<meta property=\"og:locale\" content=\"pt_BR\" \/>\n<meta property=\"og:type\" content=\"article\" \/>\n<meta property=\"og:title\" content=\"Representantes | ZL Brasil\" \/>\n<meta property=\"og:description\" content=\"Repuestos ZL Brasil para camiones y autobuses. P\u00f3ngase en contacto con el representante de ZL Brasil m\u00e1s cercano a usted en su estado.\" \/>\n<meta property=\"og:url\" content=\"https:\/\/zlbrasil.com\/es\/representantes\/\" \/>\n<meta property=\"og:site_name\" content=\"ZL Brasil\" \/>\n<meta property=\"article:modified_time\" content=\"2023-12-12T18:51:45+00:00\" \/>\n<meta property=\"og:image\" content=\"https:\/\/zlbrasil.com\/es\/wp-content\/uploads\/2021\/11\/icone-6-svg.svg\" \/>\n<meta name=\"twitter:card\" content=\"summary_large_image\" \/>\n<meta name=\"twitter:label1\" content=\"Est. tempo de leitura\" \/>\n\t<meta name=\"twitter:data1\" content=\"1 minuto\" \/>\n<script type=\"application\/ld+json\" class=\"yoast-schema-graph\">{\"@context\":\"https:\\\/\\\/schema.org\",\"@graph\":[{\"@type\":\"WebPage\",\"@id\":\"https:\\\/\\\/zlbrasil.com\\\/es\\\/representantes\\\/\",\"url\":\"https:\\\/\\\/zlbrasil.com\\\/es\\\/representantes\\\/\",\"name\":\"Representantes | ZL Brasil\",\"isPartOf\":{\"@id\":\"https:\\\/\\\/zlbrasil.com\\\/es\\\/#website\"},\"primaryImageOfPage\":{\"@id\":\"https:\\\/\\\/zlbrasil.com\\\/es\\\/representantes\\\/#primaryimage\"},\"image\":{\"@id\":\"https:\\\/\\\/zlbrasil.com\\\/es\\\/representantes\\\/#primaryimage\"},\"thumbnailUrl\":\"https:\\\/\\\/zlbrasil.com\\\/es\\\/wp-content\\\/uploads\\\/2021\\\/11\\\/icone-6-svg.svg\",\"datePublished\":\"2023-07-29T13:35:18+00:00\",\"dateModified\":\"2023-12-12T18:51:45+00:00\",\"description\":\"Repuestos ZL Brasil para camiones y autobuses. P\u00f3ngase en contacto con el representante de ZL Brasil m\u00e1s cercano a usted en su estado.\",\"breadcrumb\":{\"@id\":\"https:\\\/\\\/zlbrasil.com\\\/es\\\/representantes\\\/#breadcrumb\"},\"inLanguage\":\"pt-BR\",\"potentialAction\":[{\"@type\":\"ReadAction\",\"target\":[\"https:\\\/\\\/zlbrasil.com\\\/es\\\/representantes\\\/\"]}]},{\"@type\":\"ImageObject\",\"inLanguage\":\"pt-BR\",\"@id\":\"https:\\\/\\\/zlbrasil.com\\\/es\\\/representantes\\\/#primaryimage\",\"url\":\"https:\\\/\\\/zlbrasil.com\\\/es\\\/wp-content\\\/uploads\\\/2021\\\/11\\\/icone-6-svg.svg\",\"contentUrl\":\"https:\\\/\\\/zlbrasil.com\\\/es\\\/wp-content\\\/uploads\\\/2021\\\/11\\\/icone-6-svg.svg\",\"width\":16,\"height\":16},{\"@type\":\"BreadcrumbList\",\"@id\":\"https:\\\/\\\/zlbrasil.com\\\/es\\\/representantes\\\/#breadcrumb\",\"itemListElement\":[{\"@type\":\"ListItem\",\"position\":1,\"name\":\"In\u00edcio\",\"item\":\"https:\\\/\\\/zlbrasil.com\\\/es\\\/\"},{\"@type\":\"ListItem\",\"position\":2,\"name\":\"Representantes\"}]},{\"@type\":\"WebSite\",\"@id\":\"https:\\\/\\\/zlbrasil.com\\\/es\\\/#website\",\"url\":\"https:\\\/\\\/zlbrasil.com\\\/es\\\/\",\"name\":\"ZL Brasil\",\"description\":\"Barras e Terminais de Dire\u00e7\u00e3o\",\"potentialAction\":[{\"@type\":\"SearchAction\",\"target\":{\"@type\":\"EntryPoint\",\"urlTemplate\":\"https:\\\/\\\/zlbrasil.com\\\/es\\\/?s={search_term_string}\"},\"query-input\":{\"@type\":\"PropertyValueSpecification\",\"valueRequired\":true,\"valueName\":\"search_term_string\"}}],\"inLanguage\":\"pt-BR\"}]}<\/script>\n<!-- \/ Yoast SEO plugin. -->","yoast_head_json":{"title":"Representantes | ZL Brasil","description":"Repuestos ZL Brasil para camiones y autobuses. P\u00f3ngase en contacto con el representante de ZL Brasil m\u00e1s cercano a usted en su estado.","robots":{"index":"index","follow":"follow","max-snippet":"max-snippet:-1","max-image-preview":"max-image-preview:large","max-video-preview":"max-video-preview:-1"},"canonical":"https:\/\/zlbrasil.com\/es\/representantes\/","og_locale":"pt_BR","og_type":"article","og_title":"Representantes | ZL Brasil","og_description":"Repuestos ZL Brasil para camiones y autobuses. P\u00f3ngase en contacto con el representante de ZL Brasil m\u00e1s cercano a usted en su estado.","og_url":"https:\/\/zlbrasil.com\/es\/representantes\/","og_site_name":"ZL Brasil","article_modified_time":"2023-12-12T18:51:45+00:00","og_image":[{"url":"https:\/\/zlbrasil.com\/es\/wp-content\/uploads\/2021\/11\/icone-6-svg.svg","type":"","width":"","height":""}],"twitter_card":"summary_large_image","twitter_misc":{"Est. tempo de leitura":"1 minuto"},"schema":{"@context":"https:\/\/schema.org","@graph":[{"@type":"WebPage","@id":"https:\/\/zlbrasil.com\/es\/representantes\/","url":"https:\/\/zlbrasil.com\/es\/representantes\/","name":"Representantes | ZL Brasil","isPartOf":{"@id":"https:\/\/zlbrasil.com\/es\/#website"},"primaryImageOfPage":{"@id":"https:\/\/zlbrasil.com\/es\/representantes\/#primaryimage"},"image":{"@id":"https:\/\/zlbrasil.com\/es\/representantes\/#primaryimage"},"thumbnailUrl":"https:\/\/zlbrasil.com\/es\/wp-content\/uploads\/2021\/11\/icone-6-svg.svg","datePublished":"2023-07-29T13:35:18+00:00","dateModified":"2023-12-12T18:51:45+00:00","description":"Repuestos ZL Brasil para camiones y autobuses. P\u00f3ngase en contacto con el representante de ZL Brasil m\u00e1s cercano a usted en su estado.","breadcrumb":{"@id":"https:\/\/zlbrasil.com\/es\/representantes\/#breadcrumb"},"inLanguage":"pt-BR","potentialAction":[{"@type":"ReadAction","target":["https:\/\/zlbrasil.com\/es\/representantes\/"]}]},{"@type":"ImageObject","inLanguage":"pt-BR","@id":"https:\/\/zlbrasil.com\/es\/representantes\/#primaryimage","url":"https:\/\/zlbrasil.com\/es\/wp-content\/uploads\/2021\/11\/icone-6-svg.svg","contentUrl":"https:\/\/zlbrasil.com\/es\/wp-content\/uploads\/2021\/11\/icone-6-svg.svg","width":16,"height":16},{"@type":"BreadcrumbList","@id":"https:\/\/zlbrasil.com\/es\/representantes\/#breadcrumb","itemListElement":[{"@type":"ListItem","position":1,"name":"In\u00edcio","item":"https:\/\/zlbrasil.com\/es\/"},{"@type":"ListItem","position":2,"name":"Representantes"}]},{"@type":"WebSite","@id":"https:\/\/zlbrasil.com\/es\/#website","url":"https:\/\/zlbrasil.com\/es\/","name":"ZL Brasil","description":"Barras e Terminais de Dire\u00e7\u00e3o","potentialAction":[{"@type":"SearchAction","target":{"@type":"EntryPoint","urlTemplate":"https:\/\/zlbrasil.com\/es\/?s={search_term_string}"},"query-input":{"@type":"PropertyValueSpecification","valueRequired":true,"valueName":"search_term_string"}}],"inLanguage":"pt-BR"}]}},"_links":{"self":[{"href":"https:\/\/zlbrasil.com\/es\/wp-json\/wp\/v2\/pages\/1298","targetHints":{"allow":["GET"]}}],"collection":[{"href":"https:\/\/zlbrasil.com\/es\/wp-json\/wp\/v2\/pages"}],"about":[{"href":"https:\/\/zlbrasil.com\/es\/wp-json\/wp\/v2\/types\/page"}],"author":[{"embeddable":true,"href":"https:\/\/zlbrasil.com\/es\/wp-json\/wp\/v2\/users\/1"}],"replies":[{"embeddable":true,"href":"https:\/\/zlbrasil.com\/es\/wp-json\/wp\/v2\/comments?post=1298"}],"version-history":[{"count":37,"href":"https:\/\/zlbrasil.com\/es\/wp-json\/wp\/v2\/pages\/1298\/revisions"}],"predecessor-version":[{"id":1615,"href":"https:\/\/zlbrasil.com\/es\/wp-json\/wp\/v2\/pages\/1298\/revisions\/1615"}],"wp:attachment":[{"href":"https:\/\/zlbrasil.com\/es\/wp-json\/wp\/v2\/media?parent=1298"}],"curies":[{"name":"wp","href":"https:\/\/api.w.org\/{rel}","templated":true}]}}