{"id":1177,"date":"2023-07-22T09:53:19","date_gmt":"2023-07-22T12:53:19","guid":{"rendered":"https:\/\/zlbrasil.com\/site\/?page_id=1177"},"modified":"2023-12-11T14:30:09","modified_gmt":"2023-12-11T17:30:09","slug":"descargar","status":"publish","type":"page","link":"https:\/\/zlbrasil.com\/es\/descargar\/","title":{"rendered":"Descargar"},"content":{"rendered":"\t\t<div data-elementor-type=\"wp-page\" data-elementor-id=\"1177\" class=\"elementor elementor-1177\">\n\t\t\t\t\t\t<section class=\"elementor-section elementor-top-section elementor-element elementor-element-85333e7 elementor-section-boxed elementor-section-height-default elementor-section-height-default\" data-id=\"85333e7\" data-element_type=\"section\" data-settings=\"{&quot;background_background&quot;:&quot;classic&quot;}\">\n\t\t\t\t\t\t\t<div class=\"elementor-background-overlay\"><\/div>\n\t\t\t\t\t\t\t<div class=\"elementor-container elementor-column-gap-default\">\n\t\t\t\t\t<div class=\"elementor-column elementor-col-50 elementor-top-column elementor-element elementor-element-3c7b9a9\" data-id=\"3c7b9a9\" data-element_type=\"column\">\n\t\t\t<div class=\"elementor-widget-wrap elementor-element-populated\">\n\t\t\t\t\t\t<div class=\"elementor-element elementor-element-04fd7f3 elementor-widget elementor-widget-heading\" data-id=\"04fd7f3\" data-element_type=\"widget\" data-widget_type=\"heading.default\">\n\t\t\t\t<div class=\"elementor-widget-container\">\n\t\t\t\t\t<h1 class=\"elementor-heading-title elementor-size-default\">Una historia de\nTrabajo, Seriedad\ny Competencia.\u200b<\/h1>\t\t\t\t<\/div>\n\t\t\t\t<\/div>\n\t\t\t\t\t<\/div>\n\t\t<\/div>\n\t\t\t\t<div class=\"elementor-column elementor-col-50 elementor-top-column elementor-element elementor-element-7bfd918\" data-id=\"7bfd918\" data-element_type=\"column\">\n\t\t\t<div class=\"elementor-widget-wrap elementor-element-populated\">\n\t\t\t\t\t\t<div class=\"elementor-element elementor-element-202e76c elementor-widget elementor-widget-image\" data-id=\"202e76c\" data-element_type=\"widget\" data-widget_type=\"image.default\">\n\t\t\t\t<div class=\"elementor-widget-container\">\n\t\t\t\t\t\t\t\t\t\t\t\t\t\t\t<img fetchpriority=\"high\" decoding=\"async\" width=\"800\" height=\"279\" src=\"https:\/\/zlbrasil.com\/es\/wp-content\/uploads\/2023\/12\/50-anos-es.svg\" class=\"attachment-large size-large wp-image-1521\" alt=\"\" \/>\t\t\t\t\t\t\t\t\t\t\t\t\t\t\t<\/div>\n\t\t\t\t<\/div>\n\t\t\t\t\t<\/div>\n\t\t<\/div>\n\t\t\t\t\t<\/div>\n\t\t<\/section>\n\t\t\t\t<section class=\"elementor-section elementor-top-section elementor-element elementor-element-ed3679d elementor-section-boxed elementor-section-height-default elementor-section-height-default\" data-id=\"ed3679d\" data-element_type=\"section\">\n\t\t\t\t\t\t<div class=\"elementor-container elementor-column-gap-default\">\n\t\t\t\t\t<div class=\"elementor-column elementor-col-50 elementor-top-column elementor-element elementor-element-eb4a88f\" data-id=\"eb4a88f\" data-element_type=\"column\">\n\t\t\t<div class=\"elementor-widget-wrap elementor-element-populated\">\n\t\t\t\t\t\t<div class=\"elementor-element elementor-element-1df1724 elementor-widget elementor-widget-heading\" data-id=\"1df1724\" data-element_type=\"widget\" data-widget_type=\"heading.default\">\n\t\t\t\t<div class=\"elementor-widget-container\">\n\t\t\t\t\t<h1 class=\"elementor-heading-title elementor-size-default\">Descargar<\/h1>\t\t\t\t<\/div>\n\t\t\t\t<\/div>\n\t\t\t\t\t<\/div>\n\t\t<\/div>\n\t\t\t\t<div class=\"elementor-column elementor-col-50 elementor-top-column elementor-element elementor-element-644b74c\" data-id=\"644b74c\" data-element_type=\"column\">\n\t\t\t<div class=\"elementor-widget-wrap elementor-element-populated\">\n\t\t\t\t\t\t<div class=\"elementor-element elementor-element-cafe9fa elementor-widget elementor-widget-heading\" data-id=\"cafe9fa\" data-element_type=\"widget\" data-widget_type=\"heading.default\">\n\t\t\t\t<div class=\"elementor-widget-container\">\n\t\t\t\t\t<h2 class=\"elementor-heading-title elementor-size-default\">Descargue los materiales a continuaci\u00f3n.<\/h2>\t\t\t\t<\/div>\n\t\t\t\t<\/div>\n\t\t\t\t\t<\/div>\n\t\t<\/div>\n\t\t\t\t\t<\/div>\n\t\t<\/section>\n\t\t\t\t<section class=\"elementor-section elementor-top-section elementor-element elementor-element-5275d0f1 elementor-section-boxed elementor-section-height-default elementor-section-height-default\" data-id=\"5275d0f1\" data-element_type=\"section\" data-settings=\"{&quot;background_background&quot;:&quot;classic&quot;}\">\n\t\t\t\t\t\t<div class=\"elementor-container elementor-column-gap-default\">\n\t\t\t\t\t<div class=\"elementor-column elementor-col-50 elementor-top-column elementor-element elementor-element-63c525a2\" data-id=\"63c525a2\" data-element_type=\"column\" data-settings=\"{&quot;background_background&quot;:&quot;classic&quot;}\">\n\t\t\t<div class=\"elementor-widget-wrap elementor-element-populated\">\n\t\t\t\t\t\t<div class=\"elementor-element elementor-element-2e88ea66 elementor-widget elementor-widget-image\" data-id=\"2e88ea66\" data-element_type=\"widget\" data-widget_type=\"image.default\">\n\t\t\t\t<div class=\"elementor-widget-container\">\n\t\t\t\t\t\t\t\t\t\t\t\t\t\t\t\t<a href=\"https:\/\/ideia2001.com.br\/CatExp\/AEAAR\/InstalarCatalogoZlBrasil.exe\">\n\t\t\t\t\t\t\t<img decoding=\"async\" width=\"800\" height=\"800\" src=\"https:\/\/zlbrasil.com\/es\/wp-content\/uploads\/2021\/11\/icone-3-svg.svg\" class=\"attachment-large size-large wp-image-365\" alt=\"\" \/>\t\t\t\t\t\t\t\t<\/a>\n\t\t\t\t\t\t\t\t\t\t\t\t\t\t\t<\/div>\n\t\t\t\t<\/div>\n\t\t\t\t<div class=\"elementor-element elementor-element-6ebc88f9 elementor-widget elementor-widget-heading\" data-id=\"6ebc88f9\" data-element_type=\"widget\" data-widget_type=\"heading.default\">\n\t\t\t\t<div class=\"elementor-widget-container\">\n\t\t\t\t\t<h2 class=\"elementor-heading-title elementor-size-default\"><a href=\"https:\/\/ideia2001.com.br\/CatExp\/AEAAR\/InstalarCatalogoZlBrasil.exe\">Instala el\nCat\u00e1logo electr\u00f3nico<\/a><\/h2>\t\t\t\t<\/div>\n\t\t\t\t<\/div>\n\t\t\t\t\t<\/div>\n\t\t<\/div>\n\t\t\t\t<div class=\"elementor-column elementor-col-50 elementor-top-column elementor-element elementor-element-6190fa06\" data-id=\"6190fa06\" data-element_type=\"column\" data-settings=\"{&quot;background_background&quot;:&quot;classic&quot;}\">\n\t\t\t<div class=\"elementor-widget-wrap elementor-element-populated\">\n\t\t\t\t\t\t<div class=\"elementor-element elementor-element-1542004c elementor-widget elementor-widget-image\" data-id=\"1542004c\" data-element_type=\"widget\" data-widget_type=\"image.default\">\n\t\t\t\t<div class=\"elementor-widget-container\">\n\t\t\t\t\t\t\t\t\t\t\t\t\t\t\t<img decoding=\"async\" width=\"800\" height=\"309\" src=\"https:\/\/zlbrasil.com\/es\/wp-content\/uploads\/2021\/10\/Logo-ZL-Brasil-Espanhol-1024x396.png\" class=\"attachment-large size-large wp-image-1503\" alt=\"\" srcset=\"https:\/\/zlbrasil.com\/es\/wp-content\/uploads\/2021\/10\/Logo-ZL-Brasil-Espanhol-1024x396.png 1024w, https:\/\/zlbrasil.com\/es\/wp-content\/uploads\/2021\/10\/Logo-ZL-Brasil-Espanhol-300x116.png 300w, https:\/\/zlbrasil.com\/es\/wp-content\/uploads\/2021\/10\/Logo-ZL-Brasil-Espanhol-768x297.png 768w, https:\/\/zlbrasil.com\/es\/wp-content\/uploads\/2021\/10\/Logo-ZL-Brasil-Espanhol-1536x594.png 1536w, https:\/\/zlbrasil.com\/es\/wp-content\/uploads\/2021\/10\/Logo-ZL-Brasil-Espanhol.png 1795w\" sizes=\"(max-width: 800px) 100vw, 800px\" \/>\t\t\t\t\t\t\t\t\t\t\t\t\t\t\t<\/div>\n\t\t\t\t<\/div>\n\t\t\t\t<div class=\"elementor-element elementor-element-6f0f522 elementor-widget elementor-widget-heading\" data-id=\"6f0f522\" data-element_type=\"widget\" data-widget_type=\"heading.default\">\n\t\t\t\t<div class=\"elementor-widget-container\">\n\t\t\t\t\t<h2 class=\"elementor-heading-title elementor-size-default\">Descargue el logotipo de ZL Brasil<\/h2>\t\t\t\t<\/div>\n\t\t\t\t<\/div>\n\t\t\t\t<div class=\"elementor-element elementor-element-c44f25c elementor-align-center elementor-widget elementor-widget-button\" data-id=\"c44f25c\" data-element_type=\"widget\" data-widget_type=\"button.default\">\n\t\t\t\t<div class=\"elementor-widget-container\">\n\t\t\t\t\t\t\t\t\t<div class=\"elementor-button-wrapper\">\n\t\t\t\t\t<a class=\"elementor-button elementor-button-link elementor-size-md\" href=\"https:\/\/zlbrasil.com\/download\/logo-zl-brasil-download.zip\">\n\t\t\t\t\t\t<span class=\"elementor-button-content-wrapper\">\n\t\t\t\t\t\t<span class=\"elementor-button-icon\">\n\t\t\t\t<i aria-hidden=\"true\" class=\"fas fa-download\"><\/i>\t\t\t<\/span>\n\t\t\t\t\t\t\t\t\t<span class=\"elementor-button-text\">Haga clic aqu\u00ed<\/span>\n\t\t\t\t\t<\/span>\n\t\t\t\t\t<\/a>\n\t\t\t\t<\/div>\n\t\t\t\t\t\t\t\t<\/div>\n\t\t\t\t<\/div>\n\t\t\t\t\t<\/div>\n\t\t<\/div>\n\t\t\t\t\t<\/div>\n\t\t<\/section>\n\t\t\t\t<\/div>\n\t\t","protected":false},"excerpt":{"rendered":"<p>Una historia de Trabajo, Seriedad y Competencia.\u200b Descargar Descargue los materiales a continuaci\u00f3n. Instala el Cat\u00e1logo electr\u00f3nico Descargue el logotipo de ZL Brasil Haga clic aqu\u00ed<\/p>\n","protected":false},"author":1,"featured_media":0,"parent":0,"menu_order":0,"comment_status":"closed","ping_status":"closed","template":"","meta":{"inline_featured_image":false,"footnotes":""},"class_list":["post-1177","page","type-page","status-publish","hentry"],"yoast_head":"<!-- This site is optimized with the Yoast SEO plugin v27.5 - https:\/\/yoast.com\/product\/yoast-seo-wordpress\/ -->\n<title>Descargar | ZL Brasil<\/title>\n<meta name=\"description\" content=\"Descargue el Cat\u00e1logo de Piezas Electr\u00f3nicas de ZL Brasil. Descargue los materiales a continuaci\u00f3n. Descubra m\u00e1s en nuestro Cat\u00e1logo...\" \/>\n<meta name=\"robots\" content=\"index, follow, max-snippet:-1, max-image-preview:large, max-video-preview:-1\" \/>\n<link rel=\"canonical\" href=\"https:\/\/zlbrasil.com\/es\/descargar\/\" \/>\n<meta property=\"og:locale\" content=\"pt_BR\" \/>\n<meta property=\"og:type\" content=\"article\" \/>\n<meta property=\"og:title\" content=\"Descargar | ZL Brasil\" \/>\n<meta property=\"og:description\" content=\"Descargue el Cat\u00e1logo de Piezas Electr\u00f3nicas de ZL Brasil. Descargue los materiales a continuaci\u00f3n. Descubra m\u00e1s en nuestro Cat\u00e1logo...\" \/>\n<meta property=\"og:url\" content=\"https:\/\/zlbrasil.com\/es\/descargar\/\" \/>\n<meta property=\"og:site_name\" content=\"ZL Brasil\" \/>\n<meta property=\"article:modified_time\" content=\"2023-12-11T17:30:09+00:00\" \/>\n<meta property=\"og:image\" content=\"https:\/\/zlbrasil.com\/es\/wp-content\/uploads\/2023\/12\/50-anos-es.svg\" \/>\n<meta name=\"twitter:card\" content=\"summary_large_image\" \/>\n<meta name=\"twitter:label1\" content=\"Est. tempo de leitura\" \/>\n\t<meta name=\"twitter:data1\" content=\"1 minuto\" \/>\n<script type=\"application\/ld+json\" class=\"yoast-schema-graph\">{\"@context\":\"https:\\\/\\\/schema.org\",\"@graph\":[{\"@type\":\"WebPage\",\"@id\":\"https:\\\/\\\/zlbrasil.com\\\/es\\\/descargar\\\/\",\"url\":\"https:\\\/\\\/zlbrasil.com\\\/es\\\/descargar\\\/\",\"name\":\"Descargar | ZL Brasil\",\"isPartOf\":{\"@id\":\"https:\\\/\\\/zlbrasil.com\\\/es\\\/#website\"},\"primaryImageOfPage\":{\"@id\":\"https:\\\/\\\/zlbrasil.com\\\/es\\\/descargar\\\/#primaryimage\"},\"image\":{\"@id\":\"https:\\\/\\\/zlbrasil.com\\\/es\\\/descargar\\\/#primaryimage\"},\"thumbnailUrl\":\"https:\\\/\\\/zlbrasil.com\\\/es\\\/wp-content\\\/uploads\\\/2023\\\/12\\\/50-anos-es.svg\",\"datePublished\":\"2023-07-22T12:53:19+00:00\",\"dateModified\":\"2023-12-11T17:30:09+00:00\",\"description\":\"Descargue el Cat\u00e1logo de Piezas Electr\u00f3nicas de ZL Brasil. Descargue los materiales a continuaci\u00f3n. Descubra m\u00e1s en nuestro Cat\u00e1logo...\",\"breadcrumb\":{\"@id\":\"https:\\\/\\\/zlbrasil.com\\\/es\\\/descargar\\\/#breadcrumb\"},\"inLanguage\":\"pt-BR\",\"potentialAction\":[{\"@type\":\"ReadAction\",\"target\":[\"https:\\\/\\\/zlbrasil.com\\\/es\\\/descargar\\\/\"]}]},{\"@type\":\"ImageObject\",\"inLanguage\":\"pt-BR\",\"@id\":\"https:\\\/\\\/zlbrasil.com\\\/es\\\/descargar\\\/#primaryimage\",\"url\":\"https:\\\/\\\/zlbrasil.com\\\/es\\\/wp-content\\\/uploads\\\/2023\\\/12\\\/50-anos-es.svg\",\"contentUrl\":\"https:\\\/\\\/zlbrasil.com\\\/es\\\/wp-content\\\/uploads\\\/2023\\\/12\\\/50-anos-es.svg\",\"width\":89,\"height\":31},{\"@type\":\"BreadcrumbList\",\"@id\":\"https:\\\/\\\/zlbrasil.com\\\/es\\\/descargar\\\/#breadcrumb\",\"itemListElement\":[{\"@type\":\"ListItem\",\"position\":1,\"name\":\"In\u00edcio\",\"item\":\"https:\\\/\\\/zlbrasil.com\\\/es\\\/\"},{\"@type\":\"ListItem\",\"position\":2,\"name\":\"Descargar\"}]},{\"@type\":\"WebSite\",\"@id\":\"https:\\\/\\\/zlbrasil.com\\\/es\\\/#website\",\"url\":\"https:\\\/\\\/zlbrasil.com\\\/es\\\/\",\"name\":\"ZL Brasil\",\"description\":\"Barras e Terminais de Dire\u00e7\u00e3o\",\"potentialAction\":[{\"@type\":\"SearchAction\",\"target\":{\"@type\":\"EntryPoint\",\"urlTemplate\":\"https:\\\/\\\/zlbrasil.com\\\/es\\\/?s={search_term_string}\"},\"query-input\":{\"@type\":\"PropertyValueSpecification\",\"valueRequired\":true,\"valueName\":\"search_term_string\"}}],\"inLanguage\":\"pt-BR\"}]}<\/script>\n<!-- \/ Yoast SEO plugin. -->","yoast_head_json":{"title":"Descargar | ZL Brasil","description":"Descargue el Cat\u00e1logo de Piezas Electr\u00f3nicas de ZL Brasil. Descargue los materiales a continuaci\u00f3n. Descubra m\u00e1s en nuestro Cat\u00e1logo...","robots":{"index":"index","follow":"follow","max-snippet":"max-snippet:-1","max-image-preview":"max-image-preview:large","max-video-preview":"max-video-preview:-1"},"canonical":"https:\/\/zlbrasil.com\/es\/descargar\/","og_locale":"pt_BR","og_type":"article","og_title":"Descargar | ZL Brasil","og_description":"Descargue el Cat\u00e1logo de Piezas Electr\u00f3nicas de ZL Brasil. Descargue los materiales a continuaci\u00f3n. Descubra m\u00e1s en nuestro Cat\u00e1logo...","og_url":"https:\/\/zlbrasil.com\/es\/descargar\/","og_site_name":"ZL Brasil","article_modified_time":"2023-12-11T17:30:09+00:00","og_image":[{"url":"https:\/\/zlbrasil.com\/es\/wp-content\/uploads\/2023\/12\/50-anos-es.svg","type":"","width":"","height":""}],"twitter_card":"summary_large_image","twitter_misc":{"Est. tempo de leitura":"1 minuto"},"schema":{"@context":"https:\/\/schema.org","@graph":[{"@type":"WebPage","@id":"https:\/\/zlbrasil.com\/es\/descargar\/","url":"https:\/\/zlbrasil.com\/es\/descargar\/","name":"Descargar | ZL Brasil","isPartOf":{"@id":"https:\/\/zlbrasil.com\/es\/#website"},"primaryImageOfPage":{"@id":"https:\/\/zlbrasil.com\/es\/descargar\/#primaryimage"},"image":{"@id":"https:\/\/zlbrasil.com\/es\/descargar\/#primaryimage"},"thumbnailUrl":"https:\/\/zlbrasil.com\/es\/wp-content\/uploads\/2023\/12\/50-anos-es.svg","datePublished":"2023-07-22T12:53:19+00:00","dateModified":"2023-12-11T17:30:09+00:00","description":"Descargue el Cat\u00e1logo de Piezas Electr\u00f3nicas de ZL Brasil. Descargue los materiales a continuaci\u00f3n. Descubra m\u00e1s en nuestro Cat\u00e1logo...","breadcrumb":{"@id":"https:\/\/zlbrasil.com\/es\/descargar\/#breadcrumb"},"inLanguage":"pt-BR","potentialAction":[{"@type":"ReadAction","target":["https:\/\/zlbrasil.com\/es\/descargar\/"]}]},{"@type":"ImageObject","inLanguage":"pt-BR","@id":"https:\/\/zlbrasil.com\/es\/descargar\/#primaryimage","url":"https:\/\/zlbrasil.com\/es\/wp-content\/uploads\/2023\/12\/50-anos-es.svg","contentUrl":"https:\/\/zlbrasil.com\/es\/wp-content\/uploads\/2023\/12\/50-anos-es.svg","width":89,"height":31},{"@type":"BreadcrumbList","@id":"https:\/\/zlbrasil.com\/es\/descargar\/#breadcrumb","itemListElement":[{"@type":"ListItem","position":1,"name":"In\u00edcio","item":"https:\/\/zlbrasil.com\/es\/"},{"@type":"ListItem","position":2,"name":"Descargar"}]},{"@type":"WebSite","@id":"https:\/\/zlbrasil.com\/es\/#website","url":"https:\/\/zlbrasil.com\/es\/","name":"ZL Brasil","description":"Barras e Terminais de Dire\u00e7\u00e3o","potentialAction":[{"@type":"SearchAction","target":{"@type":"EntryPoint","urlTemplate":"https:\/\/zlbrasil.com\/es\/?s={search_term_string}"},"query-input":{"@type":"PropertyValueSpecification","valueRequired":true,"valueName":"search_term_string"}}],"inLanguage":"pt-BR"}]}},"_links":{"self":[{"href":"https:\/\/zlbrasil.com\/es\/wp-json\/wp\/v2\/pages\/1177","targetHints":{"allow":["GET"]}}],"collection":[{"href":"https:\/\/zlbrasil.com\/es\/wp-json\/wp\/v2\/pages"}],"about":[{"href":"https:\/\/zlbrasil.com\/es\/wp-json\/wp\/v2\/types\/page"}],"author":[{"embeddable":true,"href":"https:\/\/zlbrasil.com\/es\/wp-json\/wp\/v2\/users\/1"}],"replies":[{"embeddable":true,"href":"https:\/\/zlbrasil.com\/es\/wp-json\/wp\/v2\/comments?post=1177"}],"version-history":[{"count":29,"href":"https:\/\/zlbrasil.com\/es\/wp-json\/wp\/v2\/pages\/1177\/revisions"}],"predecessor-version":[{"id":1550,"href":"https:\/\/zlbrasil.com\/es\/wp-json\/wp\/v2\/pages\/1177\/revisions\/1550"}],"wp:attachment":[{"href":"https:\/\/zlbrasil.com\/es\/wp-json\/wp\/v2\/media?parent=1177"}],"curies":[{"name":"wp","href":"https:\/\/api.w.org\/{rel}","templated":true}]}}