{"id":1122,"date":"2023-07-22T09:03:53","date_gmt":"2023-07-22T12:03:53","guid":{"rendered":"https:\/\/zlbrasil.com\/site\/?page_id=1122"},"modified":"2024-04-29T17:35:59","modified_gmt":"2024-04-29T20:35:59","slug":"calidad-certificados-inmetro","status":"publish","type":"page","link":"https:\/\/zlbrasil.com\/es\/calidad-certificados-inmetro\/","title":{"rendered":"Calidad &#8211; Certificados INMETRO"},"content":{"rendered":"\t\t<div data-elementor-type=\"wp-page\" data-elementor-id=\"1122\" class=\"elementor elementor-1122\">\n\t\t\t\t\t\t<section class=\"elementor-section elementor-top-section elementor-element elementor-element-85333e7 elementor-section-boxed elementor-section-height-default elementor-section-height-default\" data-id=\"85333e7\" data-element_type=\"section\" data-settings=\"{&quot;background_background&quot;:&quot;classic&quot;}\">\n\t\t\t\t\t\t\t<div class=\"elementor-background-overlay\"><\/div>\n\t\t\t\t\t\t\t<div class=\"elementor-container elementor-column-gap-default\">\n\t\t\t\t\t<div class=\"elementor-column elementor-col-50 elementor-top-column elementor-element elementor-element-3c7b9a9\" data-id=\"3c7b9a9\" data-element_type=\"column\">\n\t\t\t<div class=\"elementor-widget-wrap elementor-element-populated\">\n\t\t\t\t\t\t<div class=\"elementor-element elementor-element-04fd7f3 elementor-widget elementor-widget-heading\" data-id=\"04fd7f3\" data-element_type=\"widget\" data-widget_type=\"heading.default\">\n\t\t\t\t<div class=\"elementor-widget-container\">\n\t\t\t\t\t<h1 class=\"elementor-heading-title elementor-size-default\">Calidad<\/h1>\t\t\t\t<\/div>\n\t\t\t\t<\/div>\n\t\t\t\t\t<\/div>\n\t\t<\/div>\n\t\t\t\t<div class=\"elementor-column elementor-col-50 elementor-top-column elementor-element elementor-element-7bfd918\" data-id=\"7bfd918\" data-element_type=\"column\">\n\t\t\t<div class=\"elementor-widget-wrap elementor-element-populated\">\n\t\t\t\t\t\t<div class=\"elementor-element elementor-element-202e76c elementor-widget elementor-widget-image\" data-id=\"202e76c\" data-element_type=\"widget\" data-widget_type=\"image.default\">\n\t\t\t\t<div class=\"elementor-widget-container\">\n\t\t\t\t\t\t\t\t\t\t\t\t\t\t\t<img fetchpriority=\"high\" decoding=\"async\" width=\"612\" height=\"467\" src=\"https:\/\/zlbrasil.com\/es\/wp-content\/uploads\/2023\/07\/emkt-representantes.png\" class=\"attachment-large size-large wp-image-1087\" alt=\"\" srcset=\"https:\/\/zlbrasil.com\/es\/wp-content\/uploads\/2023\/07\/emkt-representantes.png 612w, https:\/\/zlbrasil.com\/es\/wp-content\/uploads\/2023\/07\/emkt-representantes-300x229.png 300w\" sizes=\"(max-width: 612px) 100vw, 612px\" \/>\t\t\t\t\t\t\t\t\t\t\t\t\t\t\t<\/div>\n\t\t\t\t<\/div>\n\t\t\t\t\t<\/div>\n\t\t<\/div>\n\t\t\t\t\t<\/div>\n\t\t<\/section>\n\t\t\t\t<section class=\"elementor-section elementor-top-section elementor-element elementor-element-ed3679d elementor-section-boxed elementor-section-height-default elementor-section-height-default\" data-id=\"ed3679d\" data-element_type=\"section\">\n\t\t\t\t\t\t<div class=\"elementor-container elementor-column-gap-default\">\n\t\t\t\t\t<div class=\"elementor-column elementor-col-50 elementor-top-column elementor-element elementor-element-eb4a88f\" data-id=\"eb4a88f\" data-element_type=\"column\">\n\t\t\t<div class=\"elementor-widget-wrap elementor-element-populated\">\n\t\t\t\t\t\t<div class=\"elementor-element elementor-element-1df1724 elementor-widget elementor-widget-heading\" data-id=\"1df1724\" data-element_type=\"widget\" data-widget_type=\"heading.default\">\n\t\t\t\t<div class=\"elementor-widget-container\">\n\t\t\t\t\t<h1 class=\"elementor-heading-title elementor-size-default\">Certificados INMETRO<\/h1>\t\t\t\t<\/div>\n\t\t\t\t<\/div>\n\t\t\t\t\t<\/div>\n\t\t<\/div>\n\t\t\t\t<div class=\"elementor-column elementor-col-50 elementor-top-column elementor-element elementor-element-78fbe09\" data-id=\"78fbe09\" data-element_type=\"column\" data-settings=\"{&quot;background_background&quot;:&quot;classic&quot;}\">\n\t\t\t<div class=\"elementor-widget-wrap\">\n\t\t\t\t\t\t\t<\/div>\n\t\t<\/div>\n\t\t\t\t\t<\/div>\n\t\t<\/section>\n\t\t\t\t<section class=\"elementor-section elementor-top-section elementor-element elementor-element-818750c elementor-section-boxed elementor-section-height-default elementor-section-height-default\" data-id=\"818750c\" data-element_type=\"section\">\n\t\t\t\t\t\t<div class=\"elementor-container elementor-column-gap-default\">\n\t\t\t\t\t<div class=\"elementor-column elementor-col-33 elementor-top-column elementor-element elementor-element-b886900\" data-id=\"b886900\" data-element_type=\"column\">\n\t\t\t<div class=\"elementor-widget-wrap elementor-element-populated\">\n\t\t\t\t\t\t<div class=\"elementor-element elementor-element-44fb2e3 elementor-widget elementor-widget-heading\" data-id=\"44fb2e3\" data-element_type=\"widget\" data-widget_type=\"heading.default\">\n\t\t\t\t<div class=\"elementor-widget-container\">\n\t\t\t\t\t<h1 class=\"elementor-heading-title elementor-size-default\">Barra de direcci\u00f3n<br> familiar 3<\/h1>\t\t\t\t<\/div>\n\t\t\t\t<\/div>\n\t\t\t\t<div class=\"elementor-element elementor-element-cbf2c32 elementor-widget elementor-widget-image\" data-id=\"cbf2c32\" data-element_type=\"widget\" data-widget_type=\"image.default\">\n\t\t\t\t<div class=\"elementor-widget-container\">\n\t\t\t\t\t\t\t\t\t\t\t\t\t\t\t\t<a href=\"https:\/\/zlbrasil.com\/download\/certificados\/barra-de-direcao-familia-3.pdf\" target=\"_blank\">\n\t\t\t\t\t\t\t<img decoding=\"async\" width=\"338\" height=\"480\" src=\"https:\/\/zlbrasil.com\/es\/wp-content\/uploads\/2024\/04\/barra-de-direcao-familia-3.png\" class=\"attachment-large size-large wp-image-1624\" alt=\"\" srcset=\"https:\/\/zlbrasil.com\/es\/wp-content\/uploads\/2024\/04\/barra-de-direcao-familia-3.png 338w, https:\/\/zlbrasil.com\/es\/wp-content\/uploads\/2024\/04\/barra-de-direcao-familia-3-211x300.png 211w\" sizes=\"(max-width: 338px) 100vw, 338px\" \/>\t\t\t\t\t\t\t\t<\/a>\n\t\t\t\t\t\t\t\t\t\t\t\t\t\t\t<\/div>\n\t\t\t\t<\/div>\n\t\t\t\t\t<\/div>\n\t\t<\/div>\n\t\t\t\t<div class=\"elementor-column elementor-col-33 elementor-top-column elementor-element elementor-element-6e96276\" data-id=\"6e96276\" data-element_type=\"column\">\n\t\t\t<div class=\"elementor-widget-wrap elementor-element-populated\">\n\t\t\t\t\t\t<div class=\"elementor-element elementor-element-f87fc60 elementor-widget elementor-widget-heading\" data-id=\"f87fc60\" data-element_type=\"widget\" data-widget_type=\"heading.default\">\n\t\t\t\t<div class=\"elementor-widget-container\">\n\t\t\t\t\t<h1 class=\"elementor-heading-title elementor-size-default\">Barra de direcci\u00f3n<br> familiar 4<\/h1>\t\t\t\t<\/div>\n\t\t\t\t<\/div>\n\t\t\t\t<div class=\"elementor-element elementor-element-b89397f elementor-widget elementor-widget-image\" data-id=\"b89397f\" data-element_type=\"widget\" data-widget_type=\"image.default\">\n\t\t\t\t<div class=\"elementor-widget-container\">\n\t\t\t\t\t\t\t\t\t\t\t\t\t\t\t\t<a href=\"https:\/\/zlbrasil.com\/download\/certificados\/barra-de-direcao-familia-4.pdf\" target=\"_blank\">\n\t\t\t\t\t\t\t<img decoding=\"async\" width=\"338\" height=\"480\" src=\"https:\/\/zlbrasil.com\/es\/wp-content\/uploads\/2024\/04\/barra-de-direcao-familia-4.png\" class=\"attachment-large size-large wp-image-1625\" alt=\"\" srcset=\"https:\/\/zlbrasil.com\/es\/wp-content\/uploads\/2024\/04\/barra-de-direcao-familia-4.png 338w, https:\/\/zlbrasil.com\/es\/wp-content\/uploads\/2024\/04\/barra-de-direcao-familia-4-211x300.png 211w\" sizes=\"(max-width: 338px) 100vw, 338px\" \/>\t\t\t\t\t\t\t\t<\/a>\n\t\t\t\t\t\t\t\t\t\t\t\t\t\t\t<\/div>\n\t\t\t\t<\/div>\n\t\t\t\t\t<\/div>\n\t\t<\/div>\n\t\t\t\t<div class=\"elementor-column elementor-col-33 elementor-top-column elementor-element elementor-element-80cda5f\" data-id=\"80cda5f\" data-element_type=\"column\">\n\t\t\t<div class=\"elementor-widget-wrap elementor-element-populated\">\n\t\t\t\t\t\t<div class=\"elementor-element elementor-element-8c102db elementor-widget elementor-widget-heading\" data-id=\"8c102db\" data-element_type=\"widget\" data-widget_type=\"heading.default\">\n\t\t\t\t<div class=\"elementor-widget-container\">\n\t\t\t\t\t<h1 class=\"elementor-heading-title elementor-size-default\">Enlace de la barra de direcci\u00f3n 3<\/h1>\t\t\t\t<\/div>\n\t\t\t\t<\/div>\n\t\t\t\t<div class=\"elementor-element elementor-element-1409e3e elementor-widget elementor-widget-image\" data-id=\"1409e3e\" data-element_type=\"widget\" data-widget_type=\"image.default\">\n\t\t\t\t<div class=\"elementor-widget-container\">\n\t\t\t\t\t\t\t\t\t\t\t\t\t\t\t\t<a href=\"https:\/\/zlbrasil.com\/download\/certificados\/barra-de-ligacao-familia-3.pdf\" target=\"_blank\">\n\t\t\t\t\t\t\t<img loading=\"lazy\" decoding=\"async\" width=\"338\" height=\"480\" src=\"https:\/\/zlbrasil.com\/es\/wp-content\/uploads\/2024\/04\/barra-de-ligacao-familia-3.png\" class=\"attachment-large size-large wp-image-1626\" alt=\"\" srcset=\"https:\/\/zlbrasil.com\/es\/wp-content\/uploads\/2024\/04\/barra-de-ligacao-familia-3.png 338w, https:\/\/zlbrasil.com\/es\/wp-content\/uploads\/2024\/04\/barra-de-ligacao-familia-3-211x300.png 211w\" sizes=\"(max-width: 338px) 100vw, 338px\" \/>\t\t\t\t\t\t\t\t<\/a>\n\t\t\t\t\t\t\t\t\t\t\t\t\t\t\t<\/div>\n\t\t\t\t<\/div>\n\t\t\t\t\t<\/div>\n\t\t<\/div>\n\t\t\t\t\t<\/div>\n\t\t<\/section>\n\t\t\t\t<section class=\"elementor-section elementor-top-section elementor-element elementor-element-9c988d4 elementor-section-boxed elementor-section-height-default elementor-section-height-default\" data-id=\"9c988d4\" data-element_type=\"section\">\n\t\t\t\t\t\t<div class=\"elementor-container elementor-column-gap-default\">\n\t\t\t\t\t<div class=\"elementor-column elementor-col-33 elementor-top-column elementor-element elementor-element-d9f2ee0\" data-id=\"d9f2ee0\" data-element_type=\"column\">\n\t\t\t<div class=\"elementor-widget-wrap elementor-element-populated\">\n\t\t\t\t\t\t<div class=\"elementor-element elementor-element-ad17dc0 elementor-widget elementor-widget-heading\" data-id=\"ad17dc0\" data-element_type=\"widget\" data-widget_type=\"heading.default\">\n\t\t\t\t<div class=\"elementor-widget-container\">\n\t\t\t\t\t<h1 class=\"elementor-heading-title elementor-size-default\">Enlace de la barra de direcci\u00f3n 4<\/h1>\t\t\t\t<\/div>\n\t\t\t\t<\/div>\n\t\t\t\t<div class=\"elementor-element elementor-element-9748811 elementor-widget elementor-widget-image\" data-id=\"9748811\" data-element_type=\"widget\" data-widget_type=\"image.default\">\n\t\t\t\t<div class=\"elementor-widget-container\">\n\t\t\t\t\t\t\t\t\t\t\t\t\t\t\t\t<a href=\"https:\/\/zlbrasil.com\/download\/certificados\/barra-de-ligacao-familia-4.pdf\" target=\"_blank\">\n\t\t\t\t\t\t\t<img loading=\"lazy\" decoding=\"async\" width=\"338\" height=\"480\" src=\"https:\/\/zlbrasil.com\/es\/wp-content\/uploads\/2024\/04\/barra-de-ligacao-familia-4.png\" class=\"attachment-large size-large wp-image-1627\" alt=\"\" srcset=\"https:\/\/zlbrasil.com\/es\/wp-content\/uploads\/2024\/04\/barra-de-ligacao-familia-4.png 338w, https:\/\/zlbrasil.com\/es\/wp-content\/uploads\/2024\/04\/barra-de-ligacao-familia-4-211x300.png 211w\" sizes=\"(max-width: 338px) 100vw, 338px\" \/>\t\t\t\t\t\t\t\t<\/a>\n\t\t\t\t\t\t\t\t\t\t\t\t\t\t\t<\/div>\n\t\t\t\t<\/div>\n\t\t\t\t\t<\/div>\n\t\t<\/div>\n\t\t\t\t<div class=\"elementor-column elementor-col-33 elementor-top-column elementor-element elementor-element-d4918ca\" data-id=\"d4918ca\" data-element_type=\"column\">\n\t\t\t<div class=\"elementor-widget-wrap elementor-element-populated\">\n\t\t\t\t\t\t<div class=\"elementor-element elementor-element-c59c890 elementor-widget elementor-widget-heading\" data-id=\"c59c890\" data-element_type=\"widget\" data-widget_type=\"heading.default\">\n\t\t\t\t<div class=\"elementor-widget-container\">\n\t\t\t\t\t<h1 class=\"elementor-heading-title elementor-size-default\">Direcci\u00f3n Familiar Terminal 3<\/h1>\t\t\t\t<\/div>\n\t\t\t\t<\/div>\n\t\t\t\t<div class=\"elementor-element elementor-element-ba89c34 elementor-widget elementor-widget-image\" data-id=\"ba89c34\" data-element_type=\"widget\" data-widget_type=\"image.default\">\n\t\t\t\t<div class=\"elementor-widget-container\">\n\t\t\t\t\t\t\t\t\t\t\t\t\t\t\t\t<a href=\"https:\/\/zlbrasil.com\/download\/certificados\/terminal-de-direcao-familia-3.pdf\" target=\"_blank\">\n\t\t\t\t\t\t\t<img loading=\"lazy\" decoding=\"async\" width=\"338\" height=\"480\" src=\"https:\/\/zlbrasil.com\/es\/wp-content\/uploads\/2024\/04\/terminal-de-direcao-familia-3.png\" class=\"attachment-large size-large wp-image-1628\" alt=\"\" srcset=\"https:\/\/zlbrasil.com\/es\/wp-content\/uploads\/2024\/04\/terminal-de-direcao-familia-3.png 338w, https:\/\/zlbrasil.com\/es\/wp-content\/uploads\/2024\/04\/terminal-de-direcao-familia-3-211x300.png 211w\" sizes=\"(max-width: 338px) 100vw, 338px\" \/>\t\t\t\t\t\t\t\t<\/a>\n\t\t\t\t\t\t\t\t\t\t\t\t\t\t\t<\/div>\n\t\t\t\t<\/div>\n\t\t\t\t\t<\/div>\n\t\t<\/div>\n\t\t\t\t<div class=\"elementor-column elementor-col-33 elementor-top-column elementor-element elementor-element-62a9bc2\" data-id=\"62a9bc2\" data-element_type=\"column\">\n\t\t\t<div class=\"elementor-widget-wrap elementor-element-populated\">\n\t\t\t\t\t\t<div class=\"elementor-element elementor-element-709f324 elementor-widget elementor-widget-heading\" data-id=\"709f324\" data-element_type=\"widget\" data-widget_type=\"heading.default\">\n\t\t\t\t<div class=\"elementor-widget-container\">\n\t\t\t\t\t<h1 class=\"elementor-heading-title elementor-size-default\">Direcci\u00f3n Familiar Terminal 4<\/h1>\t\t\t\t<\/div>\n\t\t\t\t<\/div>\n\t\t\t\t<div class=\"elementor-element elementor-element-0cbbf12 elementor-widget elementor-widget-image\" data-id=\"0cbbf12\" data-element_type=\"widget\" data-widget_type=\"image.default\">\n\t\t\t\t<div class=\"elementor-widget-container\">\n\t\t\t\t\t\t\t\t\t\t\t\t\t\t\t\t<a href=\"https:\/\/zlbrasil.com\/download\/certificados\/terminal-de-direcao-familia-4.pdf\" target=\"_blank\">\n\t\t\t\t\t\t\t<img loading=\"lazy\" decoding=\"async\" width=\"338\" height=\"480\" src=\"https:\/\/zlbrasil.com\/es\/wp-content\/uploads\/2024\/04\/terminal-de-direcao-familia-4.png\" class=\"attachment-large size-large wp-image-1629\" alt=\"\" srcset=\"https:\/\/zlbrasil.com\/es\/wp-content\/uploads\/2024\/04\/terminal-de-direcao-familia-4.png 338w, https:\/\/zlbrasil.com\/es\/wp-content\/uploads\/2024\/04\/terminal-de-direcao-familia-4-211x300.png 211w\" sizes=\"(max-width: 338px) 100vw, 338px\" \/>\t\t\t\t\t\t\t\t<\/a>\n\t\t\t\t\t\t\t\t\t\t\t\t\t\t\t<\/div>\n\t\t\t\t<\/div>\n\t\t\t\t\t<\/div>\n\t\t<\/div>\n\t\t\t\t\t<\/div>\n\t\t<\/section>\n\t\t\t\t<\/div>\n\t\t","protected":false},"excerpt":{"rendered":"<p>Calidad Certificados INMETRO Barra de direcci\u00f3n familiar 3 Barra de direcci\u00f3n familiar 4 Enlace de la barra de direcci\u00f3n 3 Enlace de la barra de direcci\u00f3n 4 Direcci\u00f3n Familiar Terminal 3 Direcci\u00f3n Familiar Terminal 4<\/p>\n","protected":false},"author":1,"featured_media":0,"parent":0,"menu_order":0,"comment_status":"closed","ping_status":"closed","template":"","meta":{"inline_featured_image":false,"footnotes":""},"class_list":["post-1122","page","type-page","status-publish","hentry"],"yoast_head":"<!-- This site is optimized with the Yoast SEO plugin v27.5 - https:\/\/yoast.com\/product\/yoast-seo-wordpress\/ -->\n<title>Calidad - Certificados INMETRO | ZL Brasil<\/title>\n<meta name=\"description\" content=\"ZL aporta al mercado automotriz la m\u00e1s avanzada y completa tecnolog\u00eda para la fabricaci\u00f3n de barras, r\u00f3tulas y bielas.\" \/>\n<meta name=\"robots\" content=\"index, follow, max-snippet:-1, max-image-preview:large, max-video-preview:-1\" \/>\n<link rel=\"canonical\" href=\"https:\/\/zlbrasil.com\/es\/calidad-certificados-inmetro\/\" \/>\n<meta property=\"og:locale\" content=\"pt_BR\" \/>\n<meta property=\"og:type\" content=\"article\" \/>\n<meta property=\"og:title\" content=\"Calidad - Certificados INMETRO | ZL Brasil\" \/>\n<meta property=\"og:description\" content=\"ZL aporta al mercado automotriz la m\u00e1s avanzada y completa tecnolog\u00eda para la fabricaci\u00f3n de barras, r\u00f3tulas y bielas.\" \/>\n<meta property=\"og:url\" content=\"https:\/\/zlbrasil.com\/es\/calidad-certificados-inmetro\/\" \/>\n<meta property=\"og:site_name\" content=\"ZL Brasil\" \/>\n<meta property=\"article:modified_time\" content=\"2024-04-29T20:35:59+00:00\" \/>\n<meta property=\"og:image\" content=\"https:\/\/zlbrasil.com\/es\/wp-content\/uploads\/2023\/07\/emkt-representantes.png\" \/>\n<meta name=\"twitter:card\" content=\"summary_large_image\" \/>\n<meta name=\"twitter:label1\" content=\"Est. tempo de leitura\" \/>\n\t<meta name=\"twitter:data1\" content=\"2 minutos\" \/>\n<script type=\"application\/ld+json\" class=\"yoast-schema-graph\">{\"@context\":\"https:\\\/\\\/schema.org\",\"@graph\":[{\"@type\":\"WebPage\",\"@id\":\"https:\\\/\\\/zlbrasil.com\\\/es\\\/calidad-certificados-inmetro\\\/\",\"url\":\"https:\\\/\\\/zlbrasil.com\\\/es\\\/calidad-certificados-inmetro\\\/\",\"name\":\"Calidad - Certificados INMETRO | ZL Brasil\",\"isPartOf\":{\"@id\":\"https:\\\/\\\/zlbrasil.com\\\/es\\\/#website\"},\"primaryImageOfPage\":{\"@id\":\"https:\\\/\\\/zlbrasil.com\\\/es\\\/calidad-certificados-inmetro\\\/#primaryimage\"},\"image\":{\"@id\":\"https:\\\/\\\/zlbrasil.com\\\/es\\\/calidad-certificados-inmetro\\\/#primaryimage\"},\"thumbnailUrl\":\"https:\\\/\\\/zlbrasil.com\\\/es\\\/wp-content\\\/uploads\\\/2023\\\/07\\\/emkt-representantes.png\",\"datePublished\":\"2023-07-22T12:03:53+00:00\",\"dateModified\":\"2024-04-29T20:35:59+00:00\",\"description\":\"ZL aporta al mercado automotriz la m\u00e1s avanzada y completa tecnolog\u00eda para la fabricaci\u00f3n de barras, r\u00f3tulas y bielas.\",\"breadcrumb\":{\"@id\":\"https:\\\/\\\/zlbrasil.com\\\/es\\\/calidad-certificados-inmetro\\\/#breadcrumb\"},\"inLanguage\":\"pt-BR\",\"potentialAction\":[{\"@type\":\"ReadAction\",\"target\":[\"https:\\\/\\\/zlbrasil.com\\\/es\\\/calidad-certificados-inmetro\\\/\"]}]},{\"@type\":\"ImageObject\",\"inLanguage\":\"pt-BR\",\"@id\":\"https:\\\/\\\/zlbrasil.com\\\/es\\\/calidad-certificados-inmetro\\\/#primaryimage\",\"url\":\"https:\\\/\\\/zlbrasil.com\\\/es\\\/wp-content\\\/uploads\\\/2023\\\/07\\\/emkt-representantes.png\",\"contentUrl\":\"https:\\\/\\\/zlbrasil.com\\\/es\\\/wp-content\\\/uploads\\\/2023\\\/07\\\/emkt-representantes.png\",\"width\":612,\"height\":467},{\"@type\":\"BreadcrumbList\",\"@id\":\"https:\\\/\\\/zlbrasil.com\\\/es\\\/calidad-certificados-inmetro\\\/#breadcrumb\",\"itemListElement\":[{\"@type\":\"ListItem\",\"position\":1,\"name\":\"In\u00edcio\",\"item\":\"https:\\\/\\\/zlbrasil.com\\\/es\\\/\"},{\"@type\":\"ListItem\",\"position\":2,\"name\":\"Calidad &#8211; Certificados INMETRO\"}]},{\"@type\":\"WebSite\",\"@id\":\"https:\\\/\\\/zlbrasil.com\\\/es\\\/#website\",\"url\":\"https:\\\/\\\/zlbrasil.com\\\/es\\\/\",\"name\":\"ZL Brasil\",\"description\":\"Barras e Terminais de Dire\u00e7\u00e3o\",\"potentialAction\":[{\"@type\":\"SearchAction\",\"target\":{\"@type\":\"EntryPoint\",\"urlTemplate\":\"https:\\\/\\\/zlbrasil.com\\\/es\\\/?s={search_term_string}\"},\"query-input\":{\"@type\":\"PropertyValueSpecification\",\"valueRequired\":true,\"valueName\":\"search_term_string\"}}],\"inLanguage\":\"pt-BR\"}]}<\/script>\n<!-- \/ Yoast SEO plugin. -->","yoast_head_json":{"title":"Calidad - Certificados INMETRO | ZL Brasil","description":"ZL aporta al mercado automotriz la m\u00e1s avanzada y completa tecnolog\u00eda para la fabricaci\u00f3n de barras, r\u00f3tulas y bielas.","robots":{"index":"index","follow":"follow","max-snippet":"max-snippet:-1","max-image-preview":"max-image-preview:large","max-video-preview":"max-video-preview:-1"},"canonical":"https:\/\/zlbrasil.com\/es\/calidad-certificados-inmetro\/","og_locale":"pt_BR","og_type":"article","og_title":"Calidad - Certificados INMETRO | ZL Brasil","og_description":"ZL aporta al mercado automotriz la m\u00e1s avanzada y completa tecnolog\u00eda para la fabricaci\u00f3n de barras, r\u00f3tulas y bielas.","og_url":"https:\/\/zlbrasil.com\/es\/calidad-certificados-inmetro\/","og_site_name":"ZL Brasil","article_modified_time":"2024-04-29T20:35:59+00:00","og_image":[{"url":"https:\/\/zlbrasil.com\/es\/wp-content\/uploads\/2023\/07\/emkt-representantes.png","type":"","width":"","height":""}],"twitter_card":"summary_large_image","twitter_misc":{"Est. tempo de leitura":"2 minutos"},"schema":{"@context":"https:\/\/schema.org","@graph":[{"@type":"WebPage","@id":"https:\/\/zlbrasil.com\/es\/calidad-certificados-inmetro\/","url":"https:\/\/zlbrasil.com\/es\/calidad-certificados-inmetro\/","name":"Calidad - Certificados INMETRO | ZL Brasil","isPartOf":{"@id":"https:\/\/zlbrasil.com\/es\/#website"},"primaryImageOfPage":{"@id":"https:\/\/zlbrasil.com\/es\/calidad-certificados-inmetro\/#primaryimage"},"image":{"@id":"https:\/\/zlbrasil.com\/es\/calidad-certificados-inmetro\/#primaryimage"},"thumbnailUrl":"https:\/\/zlbrasil.com\/es\/wp-content\/uploads\/2023\/07\/emkt-representantes.png","datePublished":"2023-07-22T12:03:53+00:00","dateModified":"2024-04-29T20:35:59+00:00","description":"ZL aporta al mercado automotriz la m\u00e1s avanzada y completa tecnolog\u00eda para la fabricaci\u00f3n de barras, r\u00f3tulas y bielas.","breadcrumb":{"@id":"https:\/\/zlbrasil.com\/es\/calidad-certificados-inmetro\/#breadcrumb"},"inLanguage":"pt-BR","potentialAction":[{"@type":"ReadAction","target":["https:\/\/zlbrasil.com\/es\/calidad-certificados-inmetro\/"]}]},{"@type":"ImageObject","inLanguage":"pt-BR","@id":"https:\/\/zlbrasil.com\/es\/calidad-certificados-inmetro\/#primaryimage","url":"https:\/\/zlbrasil.com\/es\/wp-content\/uploads\/2023\/07\/emkt-representantes.png","contentUrl":"https:\/\/zlbrasil.com\/es\/wp-content\/uploads\/2023\/07\/emkt-representantes.png","width":612,"height":467},{"@type":"BreadcrumbList","@id":"https:\/\/zlbrasil.com\/es\/calidad-certificados-inmetro\/#breadcrumb","itemListElement":[{"@type":"ListItem","position":1,"name":"In\u00edcio","item":"https:\/\/zlbrasil.com\/es\/"},{"@type":"ListItem","position":2,"name":"Calidad &#8211; Certificados INMETRO"}]},{"@type":"WebSite","@id":"https:\/\/zlbrasil.com\/es\/#website","url":"https:\/\/zlbrasil.com\/es\/","name":"ZL Brasil","description":"Barras e Terminais de Dire\u00e7\u00e3o","potentialAction":[{"@type":"SearchAction","target":{"@type":"EntryPoint","urlTemplate":"https:\/\/zlbrasil.com\/es\/?s={search_term_string}"},"query-input":{"@type":"PropertyValueSpecification","valueRequired":true,"valueName":"search_term_string"}}],"inLanguage":"pt-BR"}]}},"_links":{"self":[{"href":"https:\/\/zlbrasil.com\/es\/wp-json\/wp\/v2\/pages\/1122","targetHints":{"allow":["GET"]}}],"collection":[{"href":"https:\/\/zlbrasil.com\/es\/wp-json\/wp\/v2\/pages"}],"about":[{"href":"https:\/\/zlbrasil.com\/es\/wp-json\/wp\/v2\/types\/page"}],"author":[{"embeddable":true,"href":"https:\/\/zlbrasil.com\/es\/wp-json\/wp\/v2\/users\/1"}],"replies":[{"embeddable":true,"href":"https:\/\/zlbrasil.com\/es\/wp-json\/wp\/v2\/comments?post=1122"}],"version-history":[{"count":32,"href":"https:\/\/zlbrasil.com\/es\/wp-json\/wp\/v2\/pages\/1122\/revisions"}],"predecessor-version":[{"id":1632,"href":"https:\/\/zlbrasil.com\/es\/wp-json\/wp\/v2\/pages\/1122\/revisions\/1632"}],"wp:attachment":[{"href":"https:\/\/zlbrasil.com\/es\/wp-json\/wp\/v2\/media?parent=1122"}],"curies":[{"name":"wp","href":"https:\/\/api.w.org\/{rel}","templated":true}]}}