{"id":1083,"date":"2023-07-13T17:19:20","date_gmt":"2023-07-13T20:19:20","guid":{"rendered":"https:\/\/zlbrasil.com\/site\/?page_id=1083"},"modified":"2024-04-29T17:42:38","modified_gmt":"2024-04-29T20:42:38","slug":"calidad","status":"publish","type":"page","link":"https:\/\/zlbrasil.com\/es\/calidad\/","title":{"rendered":"Calidad"},"content":{"rendered":"\t\t<div data-elementor-type=\"wp-page\" data-elementor-id=\"1083\" class=\"elementor elementor-1083\">\n\t\t\t\t\t\t<section class=\"elementor-section elementor-top-section elementor-element elementor-element-85333e7 elementor-section-boxed elementor-section-height-default elementor-section-height-default\" data-id=\"85333e7\" data-element_type=\"section\" data-settings=\"{&quot;background_background&quot;:&quot;classic&quot;}\">\n\t\t\t\t\t\t\t<div class=\"elementor-background-overlay\"><\/div>\n\t\t\t\t\t\t\t<div class=\"elementor-container elementor-column-gap-default\">\n\t\t\t\t\t<div class=\"elementor-column elementor-col-50 elementor-top-column elementor-element elementor-element-3c7b9a9\" data-id=\"3c7b9a9\" data-element_type=\"column\">\n\t\t\t<div class=\"elementor-widget-wrap elementor-element-populated\">\n\t\t\t\t\t\t<div class=\"elementor-element elementor-element-04fd7f3 elementor-widget elementor-widget-heading\" data-id=\"04fd7f3\" data-element_type=\"widget\" data-widget_type=\"heading.default\">\n\t\t\t\t<div class=\"elementor-widget-container\">\n\t\t\t\t\t<h1 class=\"elementor-heading-title elementor-size-default\">Calidad, seguridad y durabilidad.<\/h1>\t\t\t\t<\/div>\n\t\t\t\t<\/div>\n\t\t\t\t\t<\/div>\n\t\t<\/div>\n\t\t\t\t<div class=\"elementor-column elementor-col-50 elementor-top-column elementor-element elementor-element-7bfd918\" data-id=\"7bfd918\" data-element_type=\"column\">\n\t\t\t<div class=\"elementor-widget-wrap elementor-element-populated\">\n\t\t\t\t\t\t<div class=\"elementor-element elementor-element-202e76c elementor-widget elementor-widget-image\" data-id=\"202e76c\" data-element_type=\"widget\" data-widget_type=\"image.default\">\n\t\t\t\t<div class=\"elementor-widget-container\">\n\t\t\t\t\t\t\t\t\t\t\t\t\t\t\t<img fetchpriority=\"high\" decoding=\"async\" width=\"612\" height=\"467\" src=\"https:\/\/zlbrasil.com\/es\/wp-content\/uploads\/2023\/07\/emkt-representantes.png\" class=\"attachment-large size-large wp-image-1087\" alt=\"\" srcset=\"https:\/\/zlbrasil.com\/es\/wp-content\/uploads\/2023\/07\/emkt-representantes.png 612w, https:\/\/zlbrasil.com\/es\/wp-content\/uploads\/2023\/07\/emkt-representantes-300x229.png 300w\" sizes=\"(max-width: 612px) 100vw, 612px\" \/>\t\t\t\t\t\t\t\t\t\t\t\t\t\t\t<\/div>\n\t\t\t\t<\/div>\n\t\t\t\t\t<\/div>\n\t\t<\/div>\n\t\t\t\t\t<\/div>\n\t\t<\/section>\n\t\t\t\t<section class=\"elementor-section elementor-top-section elementor-element elementor-element-ed3679d elementor-section-boxed elementor-section-height-default elementor-section-height-default\" data-id=\"ed3679d\" data-element_type=\"section\">\n\t\t\t\t\t\t<div class=\"elementor-container elementor-column-gap-default\">\n\t\t\t\t\t<div class=\"elementor-column elementor-col-33 elementor-top-column elementor-element elementor-element-eb4a88f\" data-id=\"eb4a88f\" data-element_type=\"column\">\n\t\t\t<div class=\"elementor-widget-wrap elementor-element-populated\">\n\t\t\t\t\t\t<div class=\"elementor-element elementor-element-1df1724 elementor-widget elementor-widget-heading\" data-id=\"1df1724\" data-element_type=\"widget\" data-widget_type=\"heading.default\">\n\t\t\t\t<div class=\"elementor-widget-container\">\n\t\t\t\t\t<h1 class=\"elementor-heading-title elementor-size-default\">Calidad<\/h1>\t\t\t\t<\/div>\n\t\t\t\t<\/div>\n\t\t\t\t\t<\/div>\n\t\t<\/div>\n\t\t\t\t<div class=\"elementor-column elementor-col-33 elementor-top-column elementor-element elementor-element-1aa8333\" data-id=\"1aa8333\" data-element_type=\"column\">\n\t\t\t<div class=\"elementor-widget-wrap\">\n\t\t\t\t\t\t\t<\/div>\n\t\t<\/div>\n\t\t\t\t<div class=\"elementor-column elementor-col-33 elementor-top-column elementor-element elementor-element-78fbe09\" data-id=\"78fbe09\" data-element_type=\"column\" data-settings=\"{&quot;background_background&quot;:&quot;classic&quot;}\">\n\t\t\t<div class=\"elementor-widget-wrap\">\n\t\t\t\t\t\t\t<\/div>\n\t\t<\/div>\n\t\t\t\t\t<\/div>\n\t\t<\/section>\n\t\t\t\t<section class=\"elementor-section elementor-top-section elementor-element elementor-element-818750c elementor-section-boxed elementor-section-height-default elementor-section-height-default\" data-id=\"818750c\" data-element_type=\"section\">\n\t\t\t\t\t\t<div class=\"elementor-container elementor-column-gap-default\">\n\t\t\t\t\t<div class=\"elementor-column elementor-col-100 elementor-top-column elementor-element elementor-element-b886900\" data-id=\"b886900\" data-element_type=\"column\">\n\t\t\t<div class=\"elementor-widget-wrap elementor-element-populated\">\n\t\t\t\t\t\t<div class=\"elementor-element elementor-element-cafe9fa elementor-widget elementor-widget-heading\" data-id=\"cafe9fa\" data-element_type=\"widget\" data-widget_type=\"heading.default\">\n\t\t\t\t<div class=\"elementor-widget-container\">\n\t\t\t\t\t<h2 class=\"elementor-heading-title elementor-size-default\"><b style=\"color:#263C70\">ZL Brasil<\/b> proporciona al mercado automotriz la tecnolog\u00eda m\u00e1s avanzada y completa para la fabricaci\u00f3n de barras, terminales de tirantes y barras de reacci\u00f3n. Sus productos cuentan con el sello de calidad INMETRO y certificaci\u00f3n ISO 9001, calidad comprobada que atiende a las m\u00e1s diversas \u00e1reas de operaci\u00f3n del segmento de autobuses y camiones.\n<br><br>\nCon una estructura organizacional moderna, <b style=\"color:#263C70\">ZL Brasil<\/b> es capaz de mantener altos niveles de calidad, reflejados en precios competitivos y excelente productividad. Todos los productos desarrollados y fabricados por la empresa cumplen con las normas y solicitudes t\u00e9cnicas requeridas para cada aplicaci\u00f3n.\n<br><br>\nPara el segmento de terminales, tirantes y barras de reacci\u00f3n, todos los productos se fabrican siguiendo especificaciones dimensionales y de materia prima, de acuerdo con los modelos originales y est\u00e1ndares del fabricante.\n<br><br>\nAdem\u00e1s de las especificaciones t\u00e9cnicas, los componentes de la l\u00ednea de direcci\u00f3n <b style=\"color:#263C70\">ZL Brasil<\/b> son fabricados bajo estricto control de calidad donde se pueden detectar y minimizar posibles defectos. Tambi\u00e9n contamos con proveedores de materia prima que conocen y est\u00e1n comprometidos con la calidad de nuestros productos, brindando as\u00ed informes sobre la composici\u00f3n y origen de los componentes utilizados.\n<br><br>\nNuestra empresa se valora en seriedad y solidez, ofreciendo a sus clientes una excelente asistencia y servicio, aportando siempre un equipo de profesionales constantemente formados y cualificados, garantizando la excelencia en sus productos.<\/h2>\t\t\t\t<\/div>\n\t\t\t\t<\/div>\n\t\t\t\t\t<\/div>\n\t\t<\/div>\n\t\t\t\t\t<\/div>\n\t\t<\/section>\n\t\t\t\t<section class=\"elementor-section elementor-top-section elementor-element elementor-element-dadb7b7 elementor-section-boxed elementor-section-height-default elementor-section-height-default\" data-id=\"dadb7b7\" data-element_type=\"section\" data-settings=\"{&quot;background_background&quot;:&quot;classic&quot;}\">\n\t\t\t\t\t\t<div class=\"elementor-container elementor-column-gap-default\">\n\t\t\t\t\t<div class=\"elementor-column elementor-col-100 elementor-top-column elementor-element elementor-element-1428919\" data-id=\"1428919\" data-element_type=\"column\">\n\t\t\t<div class=\"elementor-widget-wrap elementor-element-populated\">\n\t\t\t\t\t\t<div class=\"elementor-element elementor-element-a06c3ed elementor-widget elementor-widget-heading\" data-id=\"a06c3ed\" data-element_type=\"widget\" data-widget_type=\"heading.default\">\n\t\t\t\t<div class=\"elementor-widget-container\">\n\t\t\t\t\t<h1 class=\"elementor-heading-title elementor-size-default\">Descubra nuestros certificados a continuaci\u00f3n.<\/h1>\t\t\t\t<\/div>\n\t\t\t\t<\/div>\n\t\t\t\t\t<\/div>\n\t\t<\/div>\n\t\t\t\t\t<\/div>\n\t\t<\/section>\n\t\t\t\t<section class=\"elementor-section elementor-top-section elementor-element elementor-element-7de67046 elementor-section-boxed elementor-section-height-default elementor-section-height-default\" data-id=\"7de67046\" data-element_type=\"section\" data-settings=\"{&quot;background_background&quot;:&quot;gradient&quot;}\">\n\t\t\t\t\t\t<div class=\"elementor-container elementor-column-gap-default\">\n\t\t\t\t\t<div class=\"elementor-column elementor-col-50 elementor-top-column elementor-element elementor-element-6ff02dd2\" data-id=\"6ff02dd2\" data-element_type=\"column\" data-settings=\"{&quot;background_background&quot;:&quot;classic&quot;}\">\n\t\t\t<div class=\"elementor-widget-wrap elementor-element-populated\">\n\t\t\t\t\t<div class=\"elementor-background-overlay\"><\/div>\n\t\t\t\t\t\t<div class=\"elementor-element elementor-element-52adeb3f elementor-widget elementor-widget-image\" data-id=\"52adeb3f\" data-element_type=\"widget\" data-widget_type=\"image.default\">\n\t\t\t\t<div class=\"elementor-widget-container\">\n\t\t\t\t\t\t\t\t\t\t\t\t\t\t\t\t<a href=\"https:\/\/zlbrasil.com\/es\/certificado-iso9001-2008\/\">\n\t\t\t\t\t\t\t<img decoding=\"async\" width=\"800\" height=\"800\" src=\"https:\/\/zlbrasil.com\/es\/wp-content\/uploads\/2021\/11\/icone-3-svg.svg\" class=\"attachment-large size-large wp-image-365\" alt=\"\" \/>\t\t\t\t\t\t\t\t<\/a>\n\t\t\t\t\t\t\t\t\t\t\t\t\t\t\t<\/div>\n\t\t\t\t<\/div>\n\t\t\t\t<div class=\"elementor-element elementor-element-62839a27 elementor-widget elementor-widget-heading\" data-id=\"62839a27\" data-element_type=\"widget\" data-widget_type=\"heading.default\">\n\t\t\t\t<div class=\"elementor-widget-container\">\n\t\t\t\t\t<h2 class=\"elementor-heading-title elementor-size-default\"><a href=\"https:\/\/zlbrasil.com\/es\/certificado-iso9001-2008\/\">\u00a1Calidad probada!<br>\nConsulte nuestros certificados aqu\u00ed<\/a><\/h2>\t\t\t\t<\/div>\n\t\t\t\t<\/div>\n\t\t\t\t\t<\/div>\n\t\t<\/div>\n\t\t\t\t<div class=\"elementor-column elementor-col-50 elementor-top-column elementor-element elementor-element-5762a175\" data-id=\"5762a175\" data-element_type=\"column\" data-settings=\"{&quot;background_background&quot;:&quot;classic&quot;}\">\n\t\t\t<div class=\"elementor-widget-wrap elementor-element-populated\">\n\t\t\t\t\t\t<div class=\"elementor-element elementor-element-5d4b6e52 elementor-widget elementor-widget-heading\" data-id=\"5d4b6e52\" data-element_type=\"widget\" data-widget_type=\"heading.default\">\n\t\t\t\t<div class=\"elementor-widget-container\">\n\t\t\t\t\t<h2 class=\"elementor-heading-title elementor-size-default\">INMETRO<\/h2>\t\t\t\t<\/div>\n\t\t\t\t<\/div>\n\t\t\t\t<div class=\"elementor-element elementor-element-27f4a840 elementor-widget elementor-widget-image\" data-id=\"27f4a840\" data-element_type=\"widget\" data-widget_type=\"image.default\">\n\t\t\t\t<div class=\"elementor-widget-container\">\n\t\t\t\t\t\t\t\t\t\t\t\t\t\t\t\t<a href=\"https:\/\/zlbrasil.com\/es\/calidad-certificados-inmetro\/\">\n\t\t\t\t\t\t\t<img decoding=\"async\" width=\"338\" height=\"475\" src=\"https:\/\/zlbrasil.com\/es\/wp-content\/uploads\/2023\/07\/1-barra-de-direcao-familia-3-1.png\" class=\"attachment-large size-large wp-image-1128\" alt=\"\" srcset=\"https:\/\/zlbrasil.com\/es\/wp-content\/uploads\/2023\/07\/1-barra-de-direcao-familia-3-1.png 338w, https:\/\/zlbrasil.com\/es\/wp-content\/uploads\/2023\/07\/1-barra-de-direcao-familia-3-1-213x300.png 213w\" sizes=\"(max-width: 338px) 100vw, 338px\" \/>\t\t\t\t\t\t\t\t<\/a>\n\t\t\t\t\t\t\t\t\t\t\t\t\t\t\t<\/div>\n\t\t\t\t<\/div>\n\t\t\t\t\t<\/div>\n\t\t<\/div>\n\t\t\t\t\t<\/div>\n\t\t<\/section>\n\t\t\t\t<\/div>\n\t\t","protected":false},"excerpt":{"rendered":"<p>Calidad, seguridad y durabilidad. Calidad ZL Brasil proporciona al mercado automotriz la tecnolog\u00eda m\u00e1s avanzada y completa para la fabricaci\u00f3n de barras, terminales de tirantes y barras de reacci\u00f3n. Sus productos cuentan con el sello de calidad INMETRO y certificaci\u00f3n ISO 9001, calidad comprobada que atiende a las m\u00e1s diversas \u00e1reas de operaci\u00f3n del segmento [&hellip;]<\/p>\n","protected":false},"author":1,"featured_media":0,"parent":0,"menu_order":0,"comment_status":"closed","ping_status":"closed","template":"","meta":{"inline_featured_image":false,"footnotes":""},"class_list":["post-1083","page","type-page","status-publish","hentry"],"yoast_head":"<!-- This site is optimized with the Yoast SEO plugin v27.5 - https:\/\/yoast.com\/product\/yoast-seo-wordpress\/ -->\n<title>Calidad | ZL Brasil<\/title>\n<meta name=\"description\" content=\"ZL aporta al mercado automotriz la m\u00e1s avanzada y completa tecnolog\u00eda para la fabricaci\u00f3n de barras, r\u00f3tulas y bielas.\" \/>\n<meta name=\"robots\" content=\"index, follow, max-snippet:-1, max-image-preview:large, max-video-preview:-1\" \/>\n<link rel=\"canonical\" href=\"https:\/\/zlbrasil.com\/es\/calidad\/\" \/>\n<meta property=\"og:locale\" content=\"pt_BR\" \/>\n<meta property=\"og:type\" content=\"article\" \/>\n<meta property=\"og:title\" content=\"Calidad | ZL Brasil\" \/>\n<meta property=\"og:description\" content=\"ZL aporta al mercado automotriz la m\u00e1s avanzada y completa tecnolog\u00eda para la fabricaci\u00f3n de barras, r\u00f3tulas y bielas.\" \/>\n<meta property=\"og:url\" content=\"https:\/\/zlbrasil.com\/es\/calidad\/\" \/>\n<meta property=\"og:site_name\" content=\"ZL Brasil\" \/>\n<meta property=\"article:modified_time\" content=\"2024-04-29T20:42:38+00:00\" \/>\n<meta property=\"og:image\" content=\"https:\/\/zlbrasil.com\/es\/wp-content\/uploads\/2023\/07\/emkt-representantes.png\" \/>\n<meta name=\"twitter:card\" content=\"summary_large_image\" \/>\n<meta name=\"twitter:label1\" content=\"Est. tempo de leitura\" \/>\n\t<meta name=\"twitter:data1\" content=\"2 minutos\" \/>\n<script type=\"application\/ld+json\" class=\"yoast-schema-graph\">{\"@context\":\"https:\\\/\\\/schema.org\",\"@graph\":[{\"@type\":\"WebPage\",\"@id\":\"https:\\\/\\\/zlbrasil.com\\\/es\\\/calidad\\\/\",\"url\":\"https:\\\/\\\/zlbrasil.com\\\/es\\\/calidad\\\/\",\"name\":\"Calidad | ZL Brasil\",\"isPartOf\":{\"@id\":\"https:\\\/\\\/zlbrasil.com\\\/es\\\/#website\"},\"primaryImageOfPage\":{\"@id\":\"https:\\\/\\\/zlbrasil.com\\\/es\\\/calidad\\\/#primaryimage\"},\"image\":{\"@id\":\"https:\\\/\\\/zlbrasil.com\\\/es\\\/calidad\\\/#primaryimage\"},\"thumbnailUrl\":\"https:\\\/\\\/zlbrasil.com\\\/es\\\/wp-content\\\/uploads\\\/2023\\\/07\\\/emkt-representantes.png\",\"datePublished\":\"2023-07-13T20:19:20+00:00\",\"dateModified\":\"2024-04-29T20:42:38+00:00\",\"description\":\"ZL aporta al mercado automotriz la m\u00e1s avanzada y completa tecnolog\u00eda para la fabricaci\u00f3n de barras, r\u00f3tulas y bielas.\",\"breadcrumb\":{\"@id\":\"https:\\\/\\\/zlbrasil.com\\\/es\\\/calidad\\\/#breadcrumb\"},\"inLanguage\":\"pt-BR\",\"potentialAction\":[{\"@type\":\"ReadAction\",\"target\":[\"https:\\\/\\\/zlbrasil.com\\\/es\\\/calidad\\\/\"]}]},{\"@type\":\"ImageObject\",\"inLanguage\":\"pt-BR\",\"@id\":\"https:\\\/\\\/zlbrasil.com\\\/es\\\/calidad\\\/#primaryimage\",\"url\":\"https:\\\/\\\/zlbrasil.com\\\/es\\\/wp-content\\\/uploads\\\/2023\\\/07\\\/emkt-representantes.png\",\"contentUrl\":\"https:\\\/\\\/zlbrasil.com\\\/es\\\/wp-content\\\/uploads\\\/2023\\\/07\\\/emkt-representantes.png\",\"width\":612,\"height\":467},{\"@type\":\"BreadcrumbList\",\"@id\":\"https:\\\/\\\/zlbrasil.com\\\/es\\\/calidad\\\/#breadcrumb\",\"itemListElement\":[{\"@type\":\"ListItem\",\"position\":1,\"name\":\"In\u00edcio\",\"item\":\"https:\\\/\\\/zlbrasil.com\\\/es\\\/\"},{\"@type\":\"ListItem\",\"position\":2,\"name\":\"Calidad\"}]},{\"@type\":\"WebSite\",\"@id\":\"https:\\\/\\\/zlbrasil.com\\\/es\\\/#website\",\"url\":\"https:\\\/\\\/zlbrasil.com\\\/es\\\/\",\"name\":\"ZL Brasil\",\"description\":\"Barras e Terminais de Dire\u00e7\u00e3o\",\"potentialAction\":[{\"@type\":\"SearchAction\",\"target\":{\"@type\":\"EntryPoint\",\"urlTemplate\":\"https:\\\/\\\/zlbrasil.com\\\/es\\\/?s={search_term_string}\"},\"query-input\":{\"@type\":\"PropertyValueSpecification\",\"valueRequired\":true,\"valueName\":\"search_term_string\"}}],\"inLanguage\":\"pt-BR\"}]}<\/script>\n<!-- \/ Yoast SEO plugin. -->","yoast_head_json":{"title":"Calidad | ZL Brasil","description":"ZL aporta al mercado automotriz la m\u00e1s avanzada y completa tecnolog\u00eda para la fabricaci\u00f3n de barras, r\u00f3tulas y bielas.","robots":{"index":"index","follow":"follow","max-snippet":"max-snippet:-1","max-image-preview":"max-image-preview:large","max-video-preview":"max-video-preview:-1"},"canonical":"https:\/\/zlbrasil.com\/es\/calidad\/","og_locale":"pt_BR","og_type":"article","og_title":"Calidad | ZL Brasil","og_description":"ZL aporta al mercado automotriz la m\u00e1s avanzada y completa tecnolog\u00eda para la fabricaci\u00f3n de barras, r\u00f3tulas y bielas.","og_url":"https:\/\/zlbrasil.com\/es\/calidad\/","og_site_name":"ZL Brasil","article_modified_time":"2024-04-29T20:42:38+00:00","og_image":[{"url":"https:\/\/zlbrasil.com\/es\/wp-content\/uploads\/2023\/07\/emkt-representantes.png","type":"","width":"","height":""}],"twitter_card":"summary_large_image","twitter_misc":{"Est. tempo de leitura":"2 minutos"},"schema":{"@context":"https:\/\/schema.org","@graph":[{"@type":"WebPage","@id":"https:\/\/zlbrasil.com\/es\/calidad\/","url":"https:\/\/zlbrasil.com\/es\/calidad\/","name":"Calidad | ZL Brasil","isPartOf":{"@id":"https:\/\/zlbrasil.com\/es\/#website"},"primaryImageOfPage":{"@id":"https:\/\/zlbrasil.com\/es\/calidad\/#primaryimage"},"image":{"@id":"https:\/\/zlbrasil.com\/es\/calidad\/#primaryimage"},"thumbnailUrl":"https:\/\/zlbrasil.com\/es\/wp-content\/uploads\/2023\/07\/emkt-representantes.png","datePublished":"2023-07-13T20:19:20+00:00","dateModified":"2024-04-29T20:42:38+00:00","description":"ZL aporta al mercado automotriz la m\u00e1s avanzada y completa tecnolog\u00eda para la fabricaci\u00f3n de barras, r\u00f3tulas y bielas.","breadcrumb":{"@id":"https:\/\/zlbrasil.com\/es\/calidad\/#breadcrumb"},"inLanguage":"pt-BR","potentialAction":[{"@type":"ReadAction","target":["https:\/\/zlbrasil.com\/es\/calidad\/"]}]},{"@type":"ImageObject","inLanguage":"pt-BR","@id":"https:\/\/zlbrasil.com\/es\/calidad\/#primaryimage","url":"https:\/\/zlbrasil.com\/es\/wp-content\/uploads\/2023\/07\/emkt-representantes.png","contentUrl":"https:\/\/zlbrasil.com\/es\/wp-content\/uploads\/2023\/07\/emkt-representantes.png","width":612,"height":467},{"@type":"BreadcrumbList","@id":"https:\/\/zlbrasil.com\/es\/calidad\/#breadcrumb","itemListElement":[{"@type":"ListItem","position":1,"name":"In\u00edcio","item":"https:\/\/zlbrasil.com\/es\/"},{"@type":"ListItem","position":2,"name":"Calidad"}]},{"@type":"WebSite","@id":"https:\/\/zlbrasil.com\/es\/#website","url":"https:\/\/zlbrasil.com\/es\/","name":"ZL Brasil","description":"Barras e Terminais de Dire\u00e7\u00e3o","potentialAction":[{"@type":"SearchAction","target":{"@type":"EntryPoint","urlTemplate":"https:\/\/zlbrasil.com\/es\/?s={search_term_string}"},"query-input":{"@type":"PropertyValueSpecification","valueRequired":true,"valueName":"search_term_string"}}],"inLanguage":"pt-BR"}]}},"_links":{"self":[{"href":"https:\/\/zlbrasil.com\/es\/wp-json\/wp\/v2\/pages\/1083","targetHints":{"allow":["GET"]}}],"collection":[{"href":"https:\/\/zlbrasil.com\/es\/wp-json\/wp\/v2\/pages"}],"about":[{"href":"https:\/\/zlbrasil.com\/es\/wp-json\/wp\/v2\/types\/page"}],"author":[{"embeddable":true,"href":"https:\/\/zlbrasil.com\/es\/wp-json\/wp\/v2\/users\/1"}],"replies":[{"embeddable":true,"href":"https:\/\/zlbrasil.com\/es\/wp-json\/wp\/v2\/comments?post=1083"}],"version-history":[{"count":36,"href":"https:\/\/zlbrasil.com\/es\/wp-json\/wp\/v2\/pages\/1083\/revisions"}],"predecessor-version":[{"id":1637,"href":"https:\/\/zlbrasil.com\/es\/wp-json\/wp\/v2\/pages\/1083\/revisions\/1637"}],"wp:attachment":[{"href":"https:\/\/zlbrasil.com\/es\/wp-json\/wp\/v2\/media?parent=1083"}],"curies":[{"name":"wp","href":"https:\/\/api.w.org\/{rel}","templated":true}]}}